{"id":3126,"date":"2023-09-21T10:11:42","date_gmt":"2023-09-21T10:11:42","guid":{"rendered":"http:\/\/promatrix.nl\/privacyverklaring\/"},"modified":"2023-10-02T10:13:44","modified_gmt":"2023-10-02T10:13:44","slug":"privacyverklaring","status":"publish","type":"page","link":"https:\/\/promatrix.nl\/de\/privacyverklaring\/","title":{"rendered":"Datenschutzerkl\u00e4rung"},"content":{"rendered":"\n<section class=\"cb cb__text cbt p-m bg--white\">\n    <div class=\"container\">\n        <div class=\"row\" data-aos=\"fade-up\" data-aos-delay=\"100\">\n            <div class=\"col-12\">\n                <h1>Datenschutzerkl\u00e4rung<\/h1>\n<p>&nbsp;<\/p>\n<p>Promatrix bv, ans\u00e4ssig in Botter 6 (2411 NM, Bodegraven), ist f\u00fcr die Verarbeitung von personenbezogenen Daten verantwortlich, wie in dieser Datenschutzerkl\u00e4rung dargelegt. Wir erl\u00e4utern Ihnen hier, welche personenbezogenen Daten wir sammeln und verwenden und zu welchem Zweck. Wir erl\u00e4utern Ihnen hier, welche personenbezogenen Daten wir sammeln und verwenden und zu welchem Zweck. Ihnen, diese Erkl\u00e4rung sorgf\u00e4ltig zu lesen.<\/p>\n<p><strong>Kontaktinformation<\/strong><\/p>\n<p>Wenn Sie aufgrund dieser Datenschutzerkl\u00e4rung Kontakt mit uns aufnehmen m\u00f6chten, k\u00f6nnen Sie dies \u00fcber die unten stehenden Kontaktdaten tun.<\/p>\n<p>Botter 6<br \/>\n2411 NM, Bodegraven<br \/>\nTel: +31(0)172 72 71 60<br \/>\nE-mail: info@promatrix.nl<strong> <\/strong><\/p>\n<p><strong>Datenschutzrichtlinie Promatrix bv<\/strong><\/p>\n<p>Um unsere T\u00e4tigkeiten durchzuf\u00fchren, verarbeiten wir personenbezogene Daten. In einigen F\u00e4llen arbeiten wir dabei mit Dritten zusammen.<\/p>\n<p>Es ist uns sehr wichtig, dass mit personenbezogenen Daten sorgf\u00e4ltig umgegangen wird. Daher werden personenbezogene Daten von uns sorgf\u00e4ltig verarbeitet und gesch\u00fctzt. Dabei halten wir uns an die Anforderungen der Datenschutzgesetzgebung. Das bedeutet beispielsweise, dass wir:<\/p>\n<ul>\n<li><strong>klar angeben<\/strong>, zu <strong>welchem Zweck<\/strong> wir personenbezogene Daten verarbeiten. Dies geschieht \u00fcber diese Datenschutzerkl\u00e4rung;<\/li>\n<li><strong>die Erhebung von personenbezogenen<\/strong> Daten auf diejenigen beschr\u00e4nken, die f\u00fcr die Zwecke, f\u00fcr die sie verarbeitet werden, notwendig sind;<\/li>\n<li>Sie zun\u00e4chst <strong>um ausdr\u00fcckliche Zustimmung bitten<\/strong>, Ihre personenbezogenen Daten zu verarbeiten, wenn Ihre Zustimmung erforderlich ist;<\/li>\n<li><strong>Ihre Daten nicht an Dritte weitergeben<\/strong>, es sei denn, dies ist erforderlich, um den angeforderten Dienst zu erbringen oder wenn wir dazu gesetzlich verpflichtet sind;<\/li>\n<li><strong>wenn wir Ihre Daten teilen, Vereinbarungen mit Dritten treffen, um sicherzustellen, dass sie nicht zu anderen Zwecken verwendet werden<\/strong>;<\/li>\n<li><strong>angemessene Sicherheitsma\u00dfnahmen ergreifen<\/strong>, um Ihre personenbezogenen Daten zu sch\u00fctzen, und dies auch von Dritten verlangen, die im Auftrag von uns personenbezogene Daten verarbeiten;<\/li>\n<li>Ihr Recht respektieren, Ihre personenbezogenen Daten auf Ihre Anfrage hin einzusehen, <strong>zu korrigieren oder zu l\u00f6schen<\/strong>.<\/li>\n<\/ul>\n<p>&nbsp;<\/p>\n<p><strong>Verwendung von personenbezogenen Daten<\/strong><\/p>\n<p>Bei der Nutzung unserer Dienstleistungen und Websites hinterlassen Sie uns bestimmte Daten. Das k\u00f6nnen personenbezogene Daten sein. Wir verarbeiten nicht immer alle unten aufgef\u00fchrten Daten. Das h\u00e4ngt davon ab, welche Dienstleistungen und Funktionen auf unseren Websites Sie w\u00e4hlen zu verwenden.<\/p>\n<p><strong>Verarbeitete personenbezogene Daten<\/strong><\/p>\n<p>Abh\u00e4ngig von den von Ihnen auf unseren Websites genutzten Dienstleistungen und Funktionen k\u00f6nnen wir die folgenden personenbezogenen Daten von Ihnen verarbeiten:<\/p>\n<ul>\n<li>Vor- und Nachname<\/li>\n<li>E-Mail-Adresse<\/li>\n<li>Telefonnummer<\/li>\n<li>Adressdaten<\/li>\n<li>Informationen, die Sie selbst in ein offenes Feld eingeben, wie eine Nachricht im Kontaktformular<\/li>\n<li>IP-Adresse<\/li>\n<li>Internetbrowser und Ger\u00e4tetyp<\/li>\n<\/ul>\n<p>Es kann auch sein, dass Ihre Daten von jemand anderem angegeben wurden. Dies kann der Fall sein, wenn der Kunde beispielsweise eine Bestellung an Sie senden m\u00f6chte, etwa als Geschenk. In diesem Fall verwenden wir nur Ihren Namen und Ihre Adresse, um die Bestellung bei Ihnen zustellen zu k\u00f6nnen.<\/p>\n<p><strong>Zwecke<\/strong><\/p>\n<p>Wir verarbeiten die oben genannten Daten f\u00fcr einen oder mehrere der folgenden Zwecke (abh\u00e4ngig von den von Ihnen genutzten Dienstleistungen oder Funktionen):<\/p>\n<ul>\n<li>Versenden unseres Newsletters und\/oder Werbematerials.<\/li>\n<li>Sie anrufen oder mailen zu k\u00f6nnen, wenn dies erforderlich ist, um unsere Dienstleistung durchzuf\u00fchren.<\/li>\n<li>Sie \u00fcber \u00c4nderungen unserer Dienstleistungen und Produkte informieren.<\/li>\n<li>Lieferung von Waren und Dienstleistungen an Sie.<\/li>\n<li>Promatrix bv analysiert Ihr Verhalten auf der Website, um die Website zu verbessern.<\/li>\n<li>Promatrix bv verarbeitet auch personenbezogene Daten, wenn wir dazu gesetzlich verpflichtet sind, wie Daten, die wir f\u00fcr unsere Steuererkl\u00e4rung ben\u00f6tigen.<\/li>\n<\/ul>\n<p>&nbsp;<\/p>\n<p><strong>Weitergabe von personenbezogenen Daten an Dritte<\/strong><\/p>\n<p>Wir geben die von Ihnen bereitgestellten Daten an Dritte weiter (z. B. Zahlungsdienstleister oder Versandunternehmen), wenn dies f\u00fcr die Lieferung der von Ihnen bestellten Produkte oder angeforderten Dienstleistungen erforderlich ist.<\/p>\n<p>Wenn wir Ihre Daten an Dritte weitergeben, stellen wir sicher (unter anderem durch einen Verarbeitungsvertrag), dass Ihre Daten nicht zu anderen Zwecken verwendet werden. Wir vereinbaren auch, dass Ihre Daten gel\u00f6scht werden, sobald sie nicht mehr ben\u00f6tigt werden.<\/p>\n<p>Promatrix bv verkauft Ihre Daten nicht an Dritte und gibt sie nur weiter, wenn dies zur Erf\u00fcllung unseres Vertrags mit Ihnen erforderlich ist oder um einer gesetzlichen Verpflichtung nachzukommen. Mit Unternehmen, die Ihre Daten in unserem Auftrag verarbeiten, schlie\u00dfen wir einen Auftragsverarbeitungsvertrag ab, um ein gleiches Ma\u00df an Sicherheit und Vertraulichkeit Ihrer Daten zu gew\u00e4hrleisten. Promatrix bv bleibt f\u00fcr diese Verarbeitungen verantwortlich.<\/p>\n<p><strong>Sicherheit und Aufbewahrung<\/strong><\/p>\n<p>Wir treffen angemessene Sicherheitsma\u00dfnahmen, um Missbrauch und unbefugten Zugriff auf Ihre personenbezogenen Daten zu begrenzen. So stellen wir sicher, dass nur die notwendigen Personen Zugang zu den Daten haben, dass der Zugang zu den Daten gesch\u00fctzt ist und dass unsere Sicherheitsma\u00dfnahmen regelm\u00e4\u00dfig \u00fcberpr\u00fcft werden.<\/p>\n<p>Wir bewahren die Daten nicht l\u00e4nger auf, als dies erforderlich ist. Das bedeutet, dass wir die Daten so lange aufbewahren, wie dies f\u00fcr die von Ihnen angeforderte Dienstleistung erforderlich ist. Davon ausgenommen sind Daten, die wir aufgrund gesetzlicher Verpflichtungen l\u00e4nger aufbewahren m\u00fcssen.<\/p>\n<p>Wir nehmen den Schutz Ihrer Daten ernst und ergreifen angemessene Ma\u00dfnahmen, um Missbrauch, Verlust, unbefugten Zugriff, unerw\u00fcnschte Offenlegung und unbefugte \u00c4nderung zu verhindern. Wenn Sie den Eindruck haben, dass Ihre Daten nicht gut gesch\u00fctzt sind oder Hinweise auf Missbrauch vorliegen, kontaktieren Sie uns bitte unter info@promatrix.nl. Wir haben folgende Ma\u00dfnahmen ergriffen, um Ihre personenbezogenen Daten zu sch\u00fctzen:<\/p>\n<ul>\n<li>Sicherheitssoftware wie Virenschutz und Firewall.<\/li>\n<li>TLS (ehemals SSL): Wir \u00fcbermitteln Ihre Daten \u00fcber eine sichere Internetverbindung. Dies ist an der Adressleiste \u201ehttps\u201c und dem Schlosssymbol in der Adressleiste zu erkennen.<\/li>\n<\/ul>\n<p>&nbsp;<\/p>\n<p><strong>Cookies<\/strong><\/p>\n<p>Promatrix bv verwendet funktionale, analytische und Tracking-Cookies. Ein Cookie ist eine kleine Textdatei, die bei Ihrem ersten Besuch dieser Website im Browser Ihres Computers, Tablets oder Smartphones gespeichert wird. Wir verwenden Cookies ausschlie\u00dflich mit einer rein technischen Funktion. Diese gew\u00e4hrleisten, dass die Website ordnungsgem\u00e4\u00df funktioniert und beispielsweise Ihre Einstellungen gespeichert werden. Diese Cookies werden auch verwendet, um die Website gut funktionieren zu lassen und sie zu optimieren. Dar\u00fcber hinaus setzen wir Cookies ein, die Ihr Surfverhalten verfolgen, um Einblicke zu gewinnen, wie die Website besser entwickelt werden kann.<\/p>\n<p>Bei Ihrem ersten Besuch auf unserer Website haben wir Sie bereits \u00fcber diese Cookies informiert und um Ihre Zustimmung gebeten.<\/p>\n<p>Sie k\u00f6nnen sich von Cookies abmelden, indem Sie Ihren Internetbrowser so einstellen, dass er keine Cookies mehr speichert. Dar\u00fcber hinaus k\u00f6nnen Sie auch alle zuvor gespeicherten Informationen \u00fcber die Einstellungen Ihres Browsers l\u00f6schen. Klicken Sie <a href=\"https:\/\/veiliginternetten.nl\/themes\/situatie\/cookies-wat-zijn-het-en-wat-doe-ik-ermee\/\">hier<\/a> f\u00fcr eine Erl\u00e4uterung.<\/p>\n<p>Auf dieser Website werden auch Cookies von Dritten platziert. Dies k\u00f6nnen beispielsweise Werbetreibende und\/oder Social-Media-Unternehmen sein.<\/p>\n<p><strong>Automatisierte Entscheidungsfindung<\/strong><\/p>\n<p>Wir treffen keine Entscheidungen \u00fcber Angelegenheiten, die (erhebliche) Auswirkungen auf Personen haben k\u00f6nnen, auf Basis automatisierter Verarbeitungen. Es handelt sich dabei um Entscheidungen, die von Computerprogrammen oder -systemen getroffen werden, ohne dass ein Mensch (z. B. ein Mitarbeiter von Promatrix bv) eingreift.<\/p>\n<p><strong>Daten einsehen, \u00e4ndern oder l\u00f6schen<\/strong><\/p>\n<p>Sie haben das Recht, Ihre personenbezogenen Daten einzusehen, zu korrigieren oder zu l\u00f6schen. Dar\u00fcber hinaus haben Sie das Recht, Ihre eventuelle Einwilligung zur Datenverarbeitung zu widerrufen oder der Verarbeitung Ihrer personenbezogenen Daten durch Promatrix bv zu widersprechen, sowie das Recht auf Daten\u00fcbertragbarkeit. Das bedeutet, dass Sie bei uns eine Anfrage stellen k\u00f6nnen, die personenbezogenen Daten, die wir von Ihnen haben, in einer Computerdatei an Sie oder eine von Ihnen benannte Organisation zu senden.<\/p>\n<p>Sie k\u00f6nnen eine Anfrage auf Einsicht, Korrektur, L\u00f6schung, \u00dcbertragung Ihrer personenbezogenen Daten oder eine Anfrage zum Widerruf Ihrer Einwilligung oder zum Widerspruch gegen die Verarbeitung Ihrer personenbezogenen Daten an info@promatrix.nl senden.<\/p>\n<p>Um sicherzustellen, dass die Anfrage zur Einsicht von Ihnen gestellt wurde, bitten wir Sie, eine Kopie Ihres Ausweises mit der Anfrage zu senden. Machen Sie in dieser Kopie Ihr Foto, die MRZ (maschinenlesbare Zone, den Streifen mit Zahlen am unteren Rand des Passes), die Passnummer und die B\u00fcrgerServiceNummer (BSN) schwarz. Dies dient dem Schutz Ihrer Privatsph\u00e4re. Wir werden so schnell wie m\u00f6glich, jedoch innerhalb von vier Wochen, auf Ihre Anfrage reagieren.<\/p>\n<p><strong>Nationale Datenschutzbeh\u00f6rde<\/strong><\/p>\n<p>Wir m\u00f6chten Sie auch darauf hinweisen, dass Sie die M\u00f6glichkeit haben, eine Beschwerde bei der nationalen Aufsichtsbeh\u00f6rde, der Autoriteit Persoonsgegevens, einzureichen. Dies k\u00f6nnen Sie <a href=\"https:\/\/autoriteitpersoonsgegevens.nl\/nl\/contact-met-de-autoriteit-persoonsgegevens\/tip-ons\">hier<\/a> tun.<\/p>\n<p><strong>Websites von Dritten<\/strong><\/p>\n<p>Diese Erkl\u00e4rung gilt nicht f\u00fcr Websites von Dritten, die \u00fcber Links mit unserer Website verbunden sind. Wir k\u00f6nnen nicht garantieren, dass diese Websites Ihre personenbezogenen Daten auf zuverl\u00e4ssige oder sichere Weise behandeln. Lesen Sie vor der Nutzung der entsprechenden Website immer die Datenschutzerkl\u00e4rung dieser Website, um mehr \u00fcber die Art und Weise zu erfahren, wie sie mit Ihren Daten umgeht.<\/p>\n<p><strong>\u00c4nderungen in dieser Datenschutzerkl\u00e4rung<\/strong><\/p>\n<p>Wir k\u00f6nnen diese Datenschutzerkl\u00e4rung von Zeit zu Zeit \u00e4ndern. \u00c4nderungen werden auf unserer Website ver\u00f6ffentlicht. Wir verwenden Ihre Daten niemals ohne Zustimmung f\u00fcr andere Zwecke.<\/p>\n<p>Es wird daher empfohlen, diese Datenschutzerkl\u00e4rung regelm\u00e4\u00dfig zu konsultieren, damit Sie \u00fcber diese \u00c4nderungen informiert sind.<strong> <\/strong><\/p>\n<p><strong>Inkrafttreten<\/strong><\/p>\n<p>Diese (\u00fcberarbeitete) Datenschutzerkl\u00e4rung ist am 22. September 2023 in Kraft getreten.<\/p>\n            <\/div>\n        <\/div>\n    <\/div>\n<\/section>\n\n","protected":false},"excerpt":{"rendered":"","protected":false},"author":13,"featured_media":0,"parent":0,"menu_order":0,"comment_status":"closed","ping_status":"closed","template":"","meta":{"_acf_changed":false,"footnotes":""},"class_list":["post-3126","page","type-page","status-publish","hentry"],"acf":[],"yoast_head":"<!-- This site is optimized with the Yoast SEO plugin v27.2 - https:\/\/yoast.com\/product\/yoast-seo-wordpress\/ -->\n<title>Datenschutzerkl\u00e4rung - Promatrix<\/title>\n<meta name=\"robots\" content=\"noindex, nofollow\" \/>\n<meta property=\"og:locale\" content=\"de_DE\" \/>\n<meta property=\"og:type\" content=\"article\" \/>\n<meta property=\"og:title\" content=\"Datenschutzerkl\u00e4rung - Promatrix\" \/>\n<meta property=\"og:url\" content=\"https:\/\/promatrix.nl\/de\/privacyverklaring\/\" \/>\n<meta property=\"og:site_name\" content=\"Promatrix\" \/>\n<meta property=\"article:modified_time\" content=\"2023-10-02T10:13:44+00:00\" \/>\n<meta name=\"twitter:card\" content=\"summary_large_image\" \/>\n<script type=\"application\/ld+json\" class=\"yoast-schema-graph\">{\"@context\":\"https:\/\/schema.org\",\"@graph\":[{\"@type\":\"WebPage\",\"@id\":\"https:\/\/promatrix.nl\/de\/privacyverklaring\/\",\"url\":\"https:\/\/promatrix.nl\/de\/privacyverklaring\/\",\"name\":\"Datenschutzerkl\u00e4rung - Promatrix\",\"isPartOf\":{\"@id\":\"https:\/\/promatrix.nl\/de\/#website\"},\"datePublished\":\"2023-09-21T10:11:42+00:00\",\"dateModified\":\"2023-10-02T10:13:44+00:00\",\"breadcrumb\":{\"@id\":\"https:\/\/promatrix.nl\/de\/privacyverklaring\/#breadcrumb\"},\"inLanguage\":\"de\",\"potentialAction\":[{\"@type\":\"ReadAction\",\"target\":[\"https:\/\/promatrix.nl\/de\/privacyverklaring\/\"]}]},{\"@type\":\"BreadcrumbList\",\"@id\":\"https:\/\/promatrix.nl\/de\/privacyverklaring\/#breadcrumb\",\"itemListElement\":[{\"@type\":\"ListItem\",\"position\":1,\"name\":\"Home\",\"item\":\"https:\/\/promatrix.nl\/de\/\"},{\"@type\":\"ListItem\",\"position\":2,\"name\":\"Datenschutzerkl\u00e4rung\"}]},{\"@type\":\"WebSite\",\"@id\":\"https:\/\/promatrix.nl\/de\/#website\",\"url\":\"https:\/\/promatrix.nl\/de\/\",\"name\":\"Promatrix\",\"description\":\"technisch in Form\",\"potentialAction\":[{\"@type\":\"SearchAction\",\"target\":{\"@type\":\"EntryPoint\",\"urlTemplate\":\"https:\/\/promatrix.nl\/de\/?s={search_term_string}\"},\"query-input\":{\"@type\":\"PropertyValueSpecification\",\"valueRequired\":true,\"valueName\":\"search_term_string\"}}],\"inLanguage\":\"de\"}]}<\/script>\n<!-- \/ Yoast SEO plugin. -->","yoast_head_json":{"title":"Datenschutzerkl\u00e4rung - Promatrix","robots":{"index":"noindex","follow":"nofollow"},"og_locale":"de_DE","og_type":"article","og_title":"Datenschutzerkl\u00e4rung - Promatrix","og_url":"https:\/\/promatrix.nl\/de\/privacyverklaring\/","og_site_name":"Promatrix","article_modified_time":"2023-10-02T10:13:44+00:00","twitter_card":"summary_large_image","schema":{"@context":"https:\/\/schema.org","@graph":[{"@type":"WebPage","@id":"https:\/\/promatrix.nl\/de\/privacyverklaring\/","url":"https:\/\/promatrix.nl\/de\/privacyverklaring\/","name":"Datenschutzerkl\u00e4rung - Promatrix","isPartOf":{"@id":"https:\/\/promatrix.nl\/de\/#website"},"datePublished":"2023-09-21T10:11:42+00:00","dateModified":"2023-10-02T10:13:44+00:00","breadcrumb":{"@id":"https:\/\/promatrix.nl\/de\/privacyverklaring\/#breadcrumb"},"inLanguage":"de","potentialAction":[{"@type":"ReadAction","target":["https:\/\/promatrix.nl\/de\/privacyverklaring\/"]}]},{"@type":"BreadcrumbList","@id":"https:\/\/promatrix.nl\/de\/privacyverklaring\/#breadcrumb","itemListElement":[{"@type":"ListItem","position":1,"name":"Home","item":"https:\/\/promatrix.nl\/de\/"},{"@type":"ListItem","position":2,"name":"Datenschutzerkl\u00e4rung"}]},{"@type":"WebSite","@id":"https:\/\/promatrix.nl\/de\/#website","url":"https:\/\/promatrix.nl\/de\/","name":"Promatrix","description":"technisch in Form","potentialAction":[{"@type":"SearchAction","target":{"@type":"EntryPoint","urlTemplate":"https:\/\/promatrix.nl\/de\/?s={search_term_string}"},"query-input":{"@type":"PropertyValueSpecification","valueRequired":true,"valueName":"search_term_string"}}],"inLanguage":"de"}]}},"_links":{"self":[{"href":"https:\/\/promatrix.nl\/de\/wp-json\/wp\/v2\/pages\/3126","targetHints":{"allow":["GET"]}}],"collection":[{"href":"https:\/\/promatrix.nl\/de\/wp-json\/wp\/v2\/pages"}],"about":[{"href":"https:\/\/promatrix.nl\/de\/wp-json\/wp\/v2\/types\/page"}],"author":[{"embeddable":true,"href":"https:\/\/promatrix.nl\/de\/wp-json\/wp\/v2\/users\/13"}],"replies":[{"embeddable":true,"href":"https:\/\/promatrix.nl\/de\/wp-json\/wp\/v2\/comments?post=3126"}],"version-history":[{"count":2,"href":"https:\/\/promatrix.nl\/de\/wp-json\/wp\/v2\/pages\/3126\/revisions"}],"predecessor-version":[{"id":3128,"href":"https:\/\/promatrix.nl\/de\/wp-json\/wp\/v2\/pages\/3126\/revisions\/3128"}],"wp:attachment":[{"href":"https:\/\/promatrix.nl\/de\/wp-json\/wp\/v2\/media?parent=3126"}],"curies":[{"name":"wp","href":"https:\/\/api.w.org\/{rel}","templated":true}]}}