{"id":3101,"date":"2023-12-21T13:52:12","date_gmt":"2023-12-21T13:52:12","guid":{"rendered":"http:\/\/promatrix.nl\/?page_id=3101"},"modified":"2024-08-20T12:12:12","modified_gmt":"2024-08-20T12:12:12","slug":"kontakt","status":"publish","type":"page","link":"https:\/\/promatrix.nl\/de\/kontakt\/","title":{"rendered":"Kontakt"},"content":{"rendered":"\n<section id=\"#Kontakt\" class=\"cb cb__text-image cbti cbti--left\">\n    <div class=\"container cbti__watermark p-xl\">\n        <div class=\"row justify-content-between\">\n            <div class=\"col-12 col-md-5 cbti__image-col\">\n                                <img decoding=\"async\" src=\"https:\/\/promatrix.nl\/wp-content\/uploads\/2023\/07\/305S6028-arie-bon-fotografie-2400x1600.jpg\" alt=\"Afbeelding die de tekst ondersteund\">\n                            <\/div>\n            <div class=\"col-12 col-md-6 cbti__content-col\">\n                                <h2 class=\"h2 cbti__title mb-m\">Direkten Kontakt?<\/h2>\n                                <div class=\"cbti__content\">\n                    <div class=\"cbti__text\"><p>Ruf an:<br \/>\n<strong><a href=\"tel:+310172727160\">+31(0)172 72 71 60<\/a><\/strong><\/p>\n<p>Oder senden Sie eine E-Mail:<br \/>\n<strong><a href=\"mailto:info@promatrix.nl\">info@promatrix.nl<\/a><\/strong><\/p>\n<h4 class=\"wp-block-heading\">Direkte Beratung zu Ihrem Projekt?<\/h4>\n<p>Geben Sie Ihre W\u00fcnsche oder Anforderungen ein und lassen Sie sich schnell und unverbindlich beraten.<\/p>\n<\/div>\n                                    <\/div>\n            <\/div>\n        <\/div>\n    <\/div>\n<\/section>\n\n\n\n\n<p><\/p>\n\n\n\n<section id=\"das Team\" class=\"cb cb__team cbteam p-m\">\n    <div class=\"container\">\n        <div class=\"row justify-content-center\">\n            <div class=\"col-12 col-sm-11 col-md-11\">\n                <div class=\"row\">\n                    <div class=\"col-12\">\n                        <h2 class=\"h2 cbteam__title\">Wir sind f\u00fcr Sie bereit: <br \/>\r\n<\/h2>\n                    <\/div>\n                <\/div>\n                <div class=\"row cbteam__row\">\n                                            \n                            <div class=\"col-6 col-md-4 col-lg-3 cbteam__item\">\n                                    <div class=\"cbteam__photo\">\n                                        <img decoding=\"async\" src=\"https:\/\/promatrix.nl\/wp-content\/uploads\/2021\/07\/Kees-Langerak-640x960.jpg\" alt=\"Afbeelding van team\">\n                                    <\/div>\n                                    <div class=\"cbteam__content\">\n                                        <div class=\"cbteam__name\">Kees Langerak<\/div>\n                                        <div class=\"cbteam__role\"><p style=\"overflow-wrap: break-word;\">Leiter Spritzguss<\/p><\/div>\n                                        <a href=\"mailto:\" class=\"cbteam__email\">\n                                            <span class=\"d-none d-md-block\">\n                                                                                            <\/span>\n                                            <span class=\"d-block d-md-none\">\n                                                                                                <img decoding=\"async\" src=\"https:\/\/promatrix.nl\/wp-content\/themes\/promatrix\/img\/icon-mail.svg\" width=\"25px\" alt=\"E-mail icon\"\/>\n                                            <\/span>\n                                        <\/a>\n                                <\/div>\n                            <\/div>\n\n                        \n                            <div class=\"col-6 col-md-4 col-lg-3 cbteam__item\">\n                                    <div class=\"cbteam__photo\">\n                                        <img decoding=\"async\" src=\"https:\/\/promatrix.nl\/wp-content\/uploads\/2021\/07\/Rubin-Klein-640x960.jpg\" alt=\"Afbeelding van team\">\n                                    <\/div>\n                                    <div class=\"cbteam__content\">\n                                        <div class=\"cbteam__name\">Rubin Klein<\/div>\n                                        <div class=\"cbteam__role\"><p style=\"overflow-wrap: break-word;\">Ingenieur-Betriebsleiter <\/p><\/div>\n                                        <a href=\"mailto:\" class=\"cbteam__email\">\n                                            <span class=\"d-none d-md-block\">\n                                                                                            <\/span>\n                                            <span class=\"d-block d-md-none\">\n                                                                                                <img decoding=\"async\" src=\"https:\/\/promatrix.nl\/wp-content\/themes\/promatrix\/img\/icon-mail.svg\" width=\"25px\" alt=\"E-mail icon\"\/>\n                                            <\/span>\n                                        <\/a>\n                                <\/div>\n                            <\/div>\n\n                                                            <\/div>\n            <\/div>\n        <\/div>\n    <\/div>\n<\/section>\n\n\n\n\n<section class=\"cb cb__location cbl\">\n    <div class=\"cbl__map\">\n        <div class=\"acf-map\" data-zoom=\"11\">\n            <div class=\"marker\" data-lat=\"52.0907942\" data-lng=\"4.7347195\"><\/div>\n        <\/div>\n    <\/div>\n<\/section>\n\n<script src=\"https:\/\/maps.googleapis.com\/maps\/api\/js?key=AIzaSyCzW56LJi66WT2DHxYmQcx6hue0rzZfCts\"><\/script>\n\n","protected":false},"excerpt":{"rendered":"","protected":false},"author":11,"featured_media":0,"parent":0,"menu_order":0,"comment_status":"closed","ping_status":"closed","template":"","meta":{"_acf_changed":false,"footnotes":""},"class_list":["post-3101","page","type-page","status-publish","hentry"],"acf":[],"yoast_head":"<!-- This site is optimized with the Yoast SEO plugin v27.5 - https:\/\/yoast.com\/product\/yoast-seo-wordpress\/ -->\n<title>Kontakt - Promatrix<\/title>\n<meta name=\"description\" content=\"Fragen zum Formenherstellung, Spritzguss, gro\u00dfen Fr\u00e4sarbeiten oder Prototyping? Nehmen Sie Kontakt mit Promatrix auf. Wir sind f\u00fcr Sie bereit.\" \/>\n<meta name=\"robots\" content=\"index, follow, max-snippet:-1, max-image-preview:large, max-video-preview:-1\" \/>\n<link rel=\"canonical\" href=\"https:\/\/promatrix.nl\/de\/kontakt\/\" \/>\n<meta property=\"og:locale\" content=\"de_DE\" \/>\n<meta property=\"og:type\" content=\"article\" \/>\n<meta property=\"og:title\" content=\"Kontakt - Promatrix\" \/>\n<meta property=\"og:description\" content=\"Fragen zum Formenherstellung, Spritzguss, gro\u00dfen Fr\u00e4sarbeiten oder Prototyping? Nehmen Sie Kontakt mit Promatrix auf. Wir sind f\u00fcr Sie bereit.\" \/>\n<meta property=\"og:url\" content=\"https:\/\/promatrix.nl\/de\/kontakt\/\" \/>\n<meta property=\"og:site_name\" content=\"Promatrix\" \/>\n<meta property=\"article:modified_time\" content=\"2024-08-20T12:12:12+00:00\" \/>\n<meta name=\"twitter:card\" content=\"summary_large_image\" \/>\n<script type=\"application\/ld+json\" class=\"yoast-schema-graph\">{\"@context\":\"https:\\\/\\\/schema.org\",\"@graph\":[{\"@type\":\"WebPage\",\"@id\":\"https:\\\/\\\/promatrix.nl\\\/de\\\/kontakt\\\/\",\"url\":\"https:\\\/\\\/promatrix.nl\\\/de\\\/kontakt\\\/\",\"name\":\"Kontakt - Promatrix\",\"isPartOf\":{\"@id\":\"https:\\\/\\\/promatrix.nl\\\/de\\\/#website\"},\"datePublished\":\"2023-12-21T13:52:12+00:00\",\"dateModified\":\"2024-08-20T12:12:12+00:00\",\"description\":\"Fragen zum Formenherstellung, Spritzguss, gro\u00dfen Fr\u00e4sarbeiten oder Prototyping? Nehmen Sie Kontakt mit Promatrix auf. Wir sind f\u00fcr Sie bereit.\",\"breadcrumb\":{\"@id\":\"https:\\\/\\\/promatrix.nl\\\/de\\\/kontakt\\\/#breadcrumb\"},\"inLanguage\":\"de\",\"potentialAction\":[{\"@type\":\"ReadAction\",\"target\":[\"https:\\\/\\\/promatrix.nl\\\/de\\\/kontakt\\\/\"]}]},{\"@type\":\"BreadcrumbList\",\"@id\":\"https:\\\/\\\/promatrix.nl\\\/de\\\/kontakt\\\/#breadcrumb\",\"itemListElement\":[{\"@type\":\"ListItem\",\"position\":1,\"name\":\"Home\",\"item\":\"https:\\\/\\\/promatrix.nl\\\/de\\\/\"},{\"@type\":\"ListItem\",\"position\":2,\"name\":\"Kontakt\"}]},{\"@type\":\"WebSite\",\"@id\":\"https:\\\/\\\/promatrix.nl\\\/de\\\/#website\",\"url\":\"https:\\\/\\\/promatrix.nl\\\/de\\\/\",\"name\":\"Promatrix\",\"description\":\"technisch in Form\",\"potentialAction\":[{\"@type\":\"SearchAction\",\"target\":{\"@type\":\"EntryPoint\",\"urlTemplate\":\"https:\\\/\\\/promatrix.nl\\\/de\\\/?s={search_term_string}\"},\"query-input\":{\"@type\":\"PropertyValueSpecification\",\"valueRequired\":true,\"valueName\":\"search_term_string\"}}],\"inLanguage\":\"de\"}]}<\/script>\n<!-- \/ Yoast SEO plugin. -->","yoast_head_json":{"title":"Kontakt - Promatrix","description":"Fragen zum Formenherstellung, Spritzguss, gro\u00dfen Fr\u00e4sarbeiten oder Prototyping? Nehmen Sie Kontakt mit Promatrix auf. Wir sind f\u00fcr Sie bereit.","robots":{"index":"index","follow":"follow","max-snippet":"max-snippet:-1","max-image-preview":"max-image-preview:large","max-video-preview":"max-video-preview:-1"},"canonical":"https:\/\/promatrix.nl\/de\/kontakt\/","og_locale":"de_DE","og_type":"article","og_title":"Kontakt - Promatrix","og_description":"Fragen zum Formenherstellung, Spritzguss, gro\u00dfen Fr\u00e4sarbeiten oder Prototyping? Nehmen Sie Kontakt mit Promatrix auf. Wir sind f\u00fcr Sie bereit.","og_url":"https:\/\/promatrix.nl\/de\/kontakt\/","og_site_name":"Promatrix","article_modified_time":"2024-08-20T12:12:12+00:00","twitter_card":"summary_large_image","schema":{"@context":"https:\/\/schema.org","@graph":[{"@type":"WebPage","@id":"https:\/\/promatrix.nl\/de\/kontakt\/","url":"https:\/\/promatrix.nl\/de\/kontakt\/","name":"Kontakt - Promatrix","isPartOf":{"@id":"https:\/\/promatrix.nl\/de\/#website"},"datePublished":"2023-12-21T13:52:12+00:00","dateModified":"2024-08-20T12:12:12+00:00","description":"Fragen zum Formenherstellung, Spritzguss, gro\u00dfen Fr\u00e4sarbeiten oder Prototyping? Nehmen Sie Kontakt mit Promatrix auf. Wir sind f\u00fcr Sie bereit.","breadcrumb":{"@id":"https:\/\/promatrix.nl\/de\/kontakt\/#breadcrumb"},"inLanguage":"de","potentialAction":[{"@type":"ReadAction","target":["https:\/\/promatrix.nl\/de\/kontakt\/"]}]},{"@type":"BreadcrumbList","@id":"https:\/\/promatrix.nl\/de\/kontakt\/#breadcrumb","itemListElement":[{"@type":"ListItem","position":1,"name":"Home","item":"https:\/\/promatrix.nl\/de\/"},{"@type":"ListItem","position":2,"name":"Kontakt"}]},{"@type":"WebSite","@id":"https:\/\/promatrix.nl\/de\/#website","url":"https:\/\/promatrix.nl\/de\/","name":"Promatrix","description":"technisch in Form","potentialAction":[{"@type":"SearchAction","target":{"@type":"EntryPoint","urlTemplate":"https:\/\/promatrix.nl\/de\/?s={search_term_string}"},"query-input":{"@type":"PropertyValueSpecification","valueRequired":true,"valueName":"search_term_string"}}],"inLanguage":"de"}]}},"_links":{"self":[{"href":"https:\/\/promatrix.nl\/de\/wp-json\/wp\/v2\/pages\/3101","targetHints":{"allow":["GET"]}}],"collection":[{"href":"https:\/\/promatrix.nl\/de\/wp-json\/wp\/v2\/pages"}],"about":[{"href":"https:\/\/promatrix.nl\/de\/wp-json\/wp\/v2\/types\/page"}],"author":[{"embeddable":true,"href":"https:\/\/promatrix.nl\/de\/wp-json\/wp\/v2\/users\/11"}],"replies":[{"embeddable":true,"href":"https:\/\/promatrix.nl\/de\/wp-json\/wp\/v2\/comments?post=3101"}],"version-history":[{"count":4,"href":"https:\/\/promatrix.nl\/de\/wp-json\/wp\/v2\/pages\/3101\/revisions"}],"predecessor-version":[{"id":3813,"href":"https:\/\/promatrix.nl\/de\/wp-json\/wp\/v2\/pages\/3101\/revisions\/3813"}],"wp:attachment":[{"href":"https:\/\/promatrix.nl\/de\/wp-json\/wp\/v2\/media?parent=3101"}],"curies":[{"name":"wp","href":"https:\/\/api.w.org\/{rel}","templated":true}]}}