{"id":2944,"date":"2023-09-07T12:33:38","date_gmt":"2023-09-07T12:33:38","guid":{"rendered":"http:\/\/promatrix.nl\/?page_id=2944"},"modified":"2024-02-29T13:41:46","modified_gmt":"2024-02-29T13:41:46","slug":"grosse-fraesarbeiten","status":"publish","type":"page","link":"https:\/\/promatrix.nl\/de\/grosse-fraesarbeiten\/","title":{"rendered":"Gro\u00dfe Fr\u00e4sarbeiten"},"content":{"rendered":"\n    <section class=\"cb cb__header-slider cbhs\">\n        <div class=\"cbhs__slides swiper-container\">\n            <div class=\"swiper-wrapper\">\n                                                            \n                        <div class=\"swiper-slide cbhs__slide\" style=\"background-image: url(https:\/\/promatrix.nl\/wp-content\/uploads\/2023\/11\/39S89151-arie-bon-fotografie2-2400x1600.jpg);\">\n                            <div class=\"cbhs__container\">\n                                <div class=\"cbh__content cbhs__content\">\n                                                                        <h1 class=\"h1 cbh__title cbhs__title\">Gro\u00dfe Fr\u00e4sarbeiten<\/h1>\n                                                                            <h3 class=\"h3 cbh__subtitle cbhs__subtitle\">Herstellung gro\u00dfer, komplexer Aluminiumteile durch Hightech-Fr\u00e4sen.<\/h3>\n                                                                                                                <div class=\"cbh__buttons cbhs__buttons\">\n                                            \n                                                <a class=\"btn btn--transparent-white-border\" href=\"http:\/\/promatrix.nl\/groot-freeswerk\/#cases\">\n                                                    Beispiele                                                <\/a>\n                                                                                    <\/div>\n                                                                    <\/div>\n                            <\/div>\n                        <\/div>\n\n                                    \n            <\/div>\n            <!--div class=\"swiper-button swiper-button-next\"><\/!--div>\n        <div-- class=\"swiper-button swiper-button-prev\"><\/div-->\n        <\/div>\n            <\/section>\n\n\n\n\n<section id=\"vorteile\" class=\"cb cb__text-advantages cbta \">\n    <div class=\"container \">\n        <div class=\"row justify-content-between\">\n            <div class=\"col-12 col-md-6 cbta__content-col\">\n                                <h2 class=\"h2 cbta__title mb-m\">Gro\u00dfe Fr\u00e4sarbeiten in jeder Form<\/h2>\n                            \n                <div class=\"cbta__content\">\n                    <div class=\"cbta__text\"><p style=\"font-weight: 400;\">Wir sind spezialisiert auf die Herstellung <strong>gro\u00dfer, komplexer Aluminiumteile<\/strong> anhand von Hightech-Fr\u00e4sen. Von Einzelst\u00fccken bis hin zu kleinen und mittleren Serien. Dank unserer eigenen Produktion, die vollst\u00e4ndig in den Niederlanden angesiedelt ist, bieten wir schnelle Verf\u00fcgbarkeit und Flexibilit\u00e4t. Wir sind in der Lage, Serien schnell vom Angebot bis zur Lieferung zu realisieren.<\/p>\n<p style=\"font-weight: 400;\">Unsere <strong>jahrelange Erfahrung<\/strong> im Aluminiumfr\u00e4sen und unser <strong>moderner Maschinenpark<\/strong> erm\u00f6glichen es uns, qualitativ hochwertige Arbeit mit pr\u00e4zisen Toleranzen zu liefern. Und das alles zu einem wettbewerbsf\u00e4higen Preis, denn wir sind f\u00fcr die Aluminiumbearbeitung bestens ausger\u00fcstet.<\/p>\n<\/div>\n                                            <div class=\"cbta__buttons pt-s\">\n                                                            <a class=\"btn btn--bg-blue\" href=\"http:\/\/promatrix.nl\/de-pros-van-promatrix\/#expertise\">\n                                    Unsere Expertise                                <\/a>\n                                \n                                                    <\/div>\n                                    <\/div>\n            <\/div>\n            <div class=\"col-12 col-md-6 cbta__advantages\">\n                <div class=\"cbta__advantages-col p-l\">\n                                        <h2 class=\"h2 cbta__title mb-m\">Vorteile von gro\u00dfen Fr\u00e4sarbeiten<br \/>\r\nbei Promatrix:<\/h2>\n                                                                                        <div class=\"cbta__advantages-items\">\n                            \n                            <div class=\"cbta__advantages-item cbta__advantages-item-0 js-cbta__advantages-item\">\n                                <h4 class=\"h4 cbta__advantages-title\">M\u00f6glichkeit der Herstellung gr\u00f6\u00dferer Produkte bis zu 4.000 mm x 2.100 mm x 1.500 mm.<\/h4>\n                                <div class=\"cbta__advantages-text\"><p>Von Grundplatten und Geh\u00e4usen bis hin zu Industriekomponenten und Befestigungsteilen &#8211; bei Promatrix werden gro\u00dfe Bauteile gefr\u00e4st. Alles ist m\u00f6glich. Auf unseren CNC-Maschinen k\u00f6nnen wir gro\u00dfe Aluminiumteile in kleinen bis mittleren Serien bearbeiten.<\/p>\n<\/div>\n                            <\/div>\n\n                                                        \n                            <div class=\"cbta__advantages-item cbta__advantages-item-1 js-cbta__advantages-item\">\n                                <h4 class=\"h4 cbta__advantages-title\">Schnell verf\u00fcgbar, komplett in den Niederlanden<\/h4>\n                                <div class=\"cbta__advantages-text\"><p>Alle unsere Arbeiten werden in den Niederlanden mit einem umfangreichen Maschinenpark ausgef\u00fchrt. Dadurch haben wir kurze Kommunikationswege, k\u00f6nnen schnell umschalten und schnell liefern. Schlie\u00dflich haben wir keine langen Transportzeiten. Jeder Auftrag ist anders, deshalb beraten wir Sie gerne \u00fcber eine gute L\u00f6sung f\u00fcr Ihr Produkt.<\/p>\n<\/div>\n                            <\/div>\n\n                                                        \n                            <div class=\"cbta__advantages-item cbta__advantages-item-2 js-cbta__advantages-item\">\n                                <h4 class=\"h4 cbta__advantages-title\">Mehr Stabilit\u00e4t und Pr\u00e4zision<\/h4>\n                                <div class=\"cbta__advantages-text\"><p>Die B\u00f6den an unserem neuen Standort erm\u00f6glichen es uns, mit hoher Stabilit\u00e4t zu produzieren. Unser moderner Maschinenpark und die 3D-Messmaschine sorgen daf\u00fcr, dass wir die gew\u00fcnschten Ma\u00dfe mit hoher Genauigkeit liefern k\u00f6nnen.<\/p>\n<\/div>\n                            <\/div>\n\n                                                                                <\/div>\n                                    <\/div>\n            <\/div>\n        <\/div>\n    <\/div>\n<\/section>\n\n\n\n\n\n<section id=\"Kundenstorys\" class=\"cb cb__cases cbc\">\n    <div class=\"container cbc__container\">\n        <div class=\"row justify-content-center\">\n            <div class=\"col-12 col-md-10\">\n\n                <div class=\"row justify-content-between cbc__content-row\">\n                    <div class=\"col-12 col-md-10 mb-md-5 mt-md-5 col-lg-5 col-4 cbc__content-col\">\n                        <div class=\"cbc__content\">\n                            <h2 class=\"h2 cbc__content-title mb-s\">Beispiele<\/h2>\n                            <div class=\"cbc__content-text\"><p>Promatrix fertigt gro\u00dfe Aluminiumteile f\u00fcr verschiedene Branchen. Von Bodenplatten \u00fcber Geh\u00e4use bis hin zu Industriekomponenten.<\/p>\n<\/div>\n                                                    <\/div>\n                    <\/div>\n                    <div class=\"col-10 col-md-7 cbc__content-col\">\n                        \n                                    <div class=\"cbc__case-container\">\n                                        \n<a href=\"https:\/\/promatrix.nl\/de\/cases\/spg-arrk\/\" class=\"cbc__case\">\n\t<div class=\"cbc__case-image\" style=\"background-image: url(https:\/\/promatrix.nl\/wp-content\/uploads\/2021\/07\/SPG-kel-check-nog-even-of-we-deze-mogen-gebruiken-web-640x480.jpg);\">\n\t\t<h4 class=\"h4 cbc__case-title\">ARRK SPG<\/h4>\n\t\t<div class=\"cbc__case-read-more\">\n\t\t<div class=\"cbc__case-read-more-text\">Fall ansehen<\/div>\n\t\t<\/div>\n\t<\/div>\n<\/a>\n                                    <\/div>\n\n                                                <\/div>\n                <\/div>\n\n                <div class=\"row cbc__cases\">\n                                    <\/div>\n\n            <\/div>\n        <\/div>\n    <\/div>\n<\/section>\n\n<section class=\"cbc__related\">\n    <div class=\"container\">\n        <div class=\"row justify-content-center\">\n            <div class=\"col-10\">\n                <div class=\"row justify-content-between\">\n                    <div class=\"col-12 col-lg-auto\">\n                        <h2 class=\"h2 cbc__related-title\">Siehe auch:<\/h2>\n                    <\/div>\n                    <div class=\"col-12 col-lg-auto\">\n                                            <div class=\"cbc__buttons\">\n                                                            <a class=\"btn btn--transparent-white-border\" href=\"http:\/\/promatrix.nl\/spuitgieten\/\">\n                                    Spritzguss                                <\/a>\n                                                            <a class=\"btn btn--transparent-white-border\" href=\"http:\/\/promatrix.nl\/matrijzenbouw\/\">\n                                    Spritzguss                                <\/a>\n                                                            <a class=\"btn btn--transparent-white-border\" href=\"http:\/\/promatrix.nl\/prototyping\/\">\n                                    Prototyping                                <\/a>\n                                                            <a class=\"btn btn--transparent-white-border\" href=\"http:\/\/promatrix.nl\/wie-we-zijn\/\">\n                                    Unsere Expertise                                <\/a>\n                                                    <\/div>\n                                        <\/div>\n                <\/div>\n            <\/div>\n        <\/div>\n    <\/div>\n<\/section>\n\n\n\n\n","protected":false},"excerpt":{"rendered":"","protected":false},"author":11,"featured_media":0,"parent":0,"menu_order":0,"comment_status":"closed","ping_status":"closed","template":"","meta":{"_acf_changed":false,"footnotes":""},"class_list":["post-2944","page","type-page","status-publish","hentry"],"acf":[],"yoast_head":"<!-- This site is optimized with the Yoast SEO plugin v27.2 - https:\/\/yoast.com\/product\/yoast-seo-wordpress\/ -->\n<title>Gro\u00dfe Fr\u00e4sarbeiten | Komplexer Aluminiumteile | Promatrix<\/title>\n<meta name=\"description\" content=\"Herstellung gro\u00dfer, komplexer Aluminiumteile durch Hightech-Fr\u00e4sen. Von Einzelst\u00fccken bis hin zu kleinen und mittleren Serien.\" \/>\n<meta name=\"robots\" content=\"index, follow, max-snippet:-1, max-image-preview:large, max-video-preview:-1\" \/>\n<link rel=\"canonical\" href=\"https:\/\/promatrix.nl\/de\/grosse-fraesarbeiten\/\" \/>\n<meta property=\"og:locale\" content=\"de_DE\" \/>\n<meta property=\"og:type\" content=\"article\" \/>\n<meta property=\"og:title\" content=\"Gro\u00dfe Fr\u00e4sarbeiten | Komplexer Aluminiumteile | Promatrix\" \/>\n<meta property=\"og:description\" content=\"Herstellung gro\u00dfer, komplexer Aluminiumteile durch Hightech-Fr\u00e4sen. Von Einzelst\u00fccken bis hin zu kleinen und mittleren Serien.\" \/>\n<meta property=\"og:url\" content=\"https:\/\/promatrix.nl\/de\/grosse-fraesarbeiten\/\" \/>\n<meta property=\"og:site_name\" content=\"Promatrix\" \/>\n<meta property=\"article:modified_time\" content=\"2024-02-29T13:41:46+00:00\" \/>\n<meta name=\"twitter:card\" content=\"summary_large_image\" \/>\n<script type=\"application\/ld+json\" class=\"yoast-schema-graph\">{\"@context\":\"https:\/\/schema.org\",\"@graph\":[{\"@type\":\"WebPage\",\"@id\":\"https:\/\/promatrix.nl\/de\/grosse-fraesarbeiten\/\",\"url\":\"https:\/\/promatrix.nl\/de\/grosse-fraesarbeiten\/\",\"name\":\"Gro\u00dfe Fr\u00e4sarbeiten | Komplexer Aluminiumteile | Promatrix\",\"isPartOf\":{\"@id\":\"https:\/\/promatrix.nl\/de\/#website\"},\"datePublished\":\"2023-09-07T12:33:38+00:00\",\"dateModified\":\"2024-02-29T13:41:46+00:00\",\"description\":\"Herstellung gro\u00dfer, komplexer Aluminiumteile durch Hightech-Fr\u00e4sen. Von Einzelst\u00fccken bis hin zu kleinen und mittleren Serien.\",\"breadcrumb\":{\"@id\":\"https:\/\/promatrix.nl\/de\/grosse-fraesarbeiten\/#breadcrumb\"},\"inLanguage\":\"de\",\"potentialAction\":[{\"@type\":\"ReadAction\",\"target\":[\"https:\/\/promatrix.nl\/de\/grosse-fraesarbeiten\/\"]}]},{\"@type\":\"BreadcrumbList\",\"@id\":\"https:\/\/promatrix.nl\/de\/grosse-fraesarbeiten\/#breadcrumb\",\"itemListElement\":[{\"@type\":\"ListItem\",\"position\":1,\"name\":\"Home\",\"item\":\"https:\/\/promatrix.nl\/de\/\"},{\"@type\":\"ListItem\",\"position\":2,\"name\":\"Gro\u00dfe Fr\u00e4sarbeiten\"}]},{\"@type\":\"WebSite\",\"@id\":\"https:\/\/promatrix.nl\/de\/#website\",\"url\":\"https:\/\/promatrix.nl\/de\/\",\"name\":\"Promatrix\",\"description\":\"technisch in Form\",\"potentialAction\":[{\"@type\":\"SearchAction\",\"target\":{\"@type\":\"EntryPoint\",\"urlTemplate\":\"https:\/\/promatrix.nl\/de\/?s={search_term_string}\"},\"query-input\":{\"@type\":\"PropertyValueSpecification\",\"valueRequired\":true,\"valueName\":\"search_term_string\"}}],\"inLanguage\":\"de\"}]}<\/script>\n<!-- \/ Yoast SEO plugin. -->","yoast_head_json":{"title":"Gro\u00dfe Fr\u00e4sarbeiten | Komplexer Aluminiumteile | Promatrix","description":"Herstellung gro\u00dfer, komplexer Aluminiumteile durch Hightech-Fr\u00e4sen. Von Einzelst\u00fccken bis hin zu kleinen und mittleren Serien.","robots":{"index":"index","follow":"follow","max-snippet":"max-snippet:-1","max-image-preview":"max-image-preview:large","max-video-preview":"max-video-preview:-1"},"canonical":"https:\/\/promatrix.nl\/de\/grosse-fraesarbeiten\/","og_locale":"de_DE","og_type":"article","og_title":"Gro\u00dfe Fr\u00e4sarbeiten | Komplexer Aluminiumteile | Promatrix","og_description":"Herstellung gro\u00dfer, komplexer Aluminiumteile durch Hightech-Fr\u00e4sen. Von Einzelst\u00fccken bis hin zu kleinen und mittleren Serien.","og_url":"https:\/\/promatrix.nl\/de\/grosse-fraesarbeiten\/","og_site_name":"Promatrix","article_modified_time":"2024-02-29T13:41:46+00:00","twitter_card":"summary_large_image","schema":{"@context":"https:\/\/schema.org","@graph":[{"@type":"WebPage","@id":"https:\/\/promatrix.nl\/de\/grosse-fraesarbeiten\/","url":"https:\/\/promatrix.nl\/de\/grosse-fraesarbeiten\/","name":"Gro\u00dfe Fr\u00e4sarbeiten | Komplexer Aluminiumteile | Promatrix","isPartOf":{"@id":"https:\/\/promatrix.nl\/de\/#website"},"datePublished":"2023-09-07T12:33:38+00:00","dateModified":"2024-02-29T13:41:46+00:00","description":"Herstellung gro\u00dfer, komplexer Aluminiumteile durch Hightech-Fr\u00e4sen. Von Einzelst\u00fccken bis hin zu kleinen und mittleren Serien.","breadcrumb":{"@id":"https:\/\/promatrix.nl\/de\/grosse-fraesarbeiten\/#breadcrumb"},"inLanguage":"de","potentialAction":[{"@type":"ReadAction","target":["https:\/\/promatrix.nl\/de\/grosse-fraesarbeiten\/"]}]},{"@type":"BreadcrumbList","@id":"https:\/\/promatrix.nl\/de\/grosse-fraesarbeiten\/#breadcrumb","itemListElement":[{"@type":"ListItem","position":1,"name":"Home","item":"https:\/\/promatrix.nl\/de\/"},{"@type":"ListItem","position":2,"name":"Gro\u00dfe Fr\u00e4sarbeiten"}]},{"@type":"WebSite","@id":"https:\/\/promatrix.nl\/de\/#website","url":"https:\/\/promatrix.nl\/de\/","name":"Promatrix","description":"technisch in Form","potentialAction":[{"@type":"SearchAction","target":{"@type":"EntryPoint","urlTemplate":"https:\/\/promatrix.nl\/de\/?s={search_term_string}"},"query-input":{"@type":"PropertyValueSpecification","valueRequired":true,"valueName":"search_term_string"}}],"inLanguage":"de"}]}},"_links":{"self":[{"href":"https:\/\/promatrix.nl\/de\/wp-json\/wp\/v2\/pages\/2944","targetHints":{"allow":["GET"]}}],"collection":[{"href":"https:\/\/promatrix.nl\/de\/wp-json\/wp\/v2\/pages"}],"about":[{"href":"https:\/\/promatrix.nl\/de\/wp-json\/wp\/v2\/types\/page"}],"author":[{"embeddable":true,"href":"https:\/\/promatrix.nl\/de\/wp-json\/wp\/v2\/users\/11"}],"replies":[{"embeddable":true,"href":"https:\/\/promatrix.nl\/de\/wp-json\/wp\/v2\/comments?post=2944"}],"version-history":[{"count":5,"href":"https:\/\/promatrix.nl\/de\/wp-json\/wp\/v2\/pages\/2944\/revisions"}],"predecessor-version":[{"id":3618,"href":"https:\/\/promatrix.nl\/de\/wp-json\/wp\/v2\/pages\/2944\/revisions\/3618"}],"wp:attachment":[{"href":"https:\/\/promatrix.nl\/de\/wp-json\/wp\/v2\/media?parent=2944"}],"curies":[{"name":"wp","href":"https:\/\/api.w.org\/{rel}","templated":true}]}}