{"id":1308,"date":"2021-07-29T01:41:24","date_gmt":"2021-07-29T01:41:24","guid":{"rendered":"https:\/\/promatrix.myobcommunicatie.nl\/wer-wir-sind\/"},"modified":"2023-07-21T16:42:57","modified_gmt":"2023-07-21T16:42:57","slug":"wer-wir-sind","status":"publish","type":"page","link":"https:\/\/promatrix.nl\/de\/wer-wir-sind\/","title":{"rendered":"Wer wir sind"},"content":{"rendered":"    <section class=\"cb cb__header-text-image cbhti\">\n        <div class=\"container cbhti__container\">\n            <div class=\"row\">\n                <div class=\"col-12 col-md-6 cbhti__col\">\n                    <h1 class=\"h1 cbhti__title\">Promatrix: seit mehr als 25 Jahren technisch in Form <br \/>\r\n <br \/>\r\n<\/h1>\n                    <div class=\"cbhti__content\">\n                        <div class=\"cbhti__text\"><p>Promatrix begann 1995 als \u201ekleines\u201c Unternehmen und hat sich inzwischen zu einer kompletten Produktionsfirma entwickelt, die mehr als 40 Mitarbeiter besch\u00e4ftigt. Die St\u00e4rke unseres Teams ist die gute Verbindung zwischen engagierten Technikern und zuverl\u00e4ssigen Back-Office-Mitarbeitern. So k\u00f6nnen wir jede Kundenanfrage schnell und effizient in eine effektive L\u00f6sung umsetzen.<\/p>\n<\/div>\n                                                    <div class=\"cbh__buttons cbhs__buttons\">\n                                                                    <a class=\"btn btn--bg-blue\" href=\"https:\/\/promatrix.nl\/de\/die-profis-von-promatrix\/#expertise\">\n                                        Unsere Expertise                                    <\/a>\n                                                            <\/div>\n                                            <\/div>\n                <\/div>\n                <div class=\"col-12 col-md-6 cbhti__col\">\n                    <div class=\"cbhti__image\">\n                        <img decoding=\"async\" src=\"https:\/\/promatrix.nl\/wp-content\/uploads\/2021\/07\/wie-we-zijn-header-1280x1235.jpg\" alt=\"Header afbeelding\">\n                    <\/div>\n                <\/div>\n            <\/div>\n        <\/div>\n                    <a href=\"#artikel\" class=\"header-arrow\">\n                Lesen Sie mehr \u00fcber Promatrix            <\/a>\n            <\/section>\n\n\n\n<section id=\"\" class=\"cb cb__text-unequal cbtu\">\n    <div class=\"container\">\n        <div class=\"row\">\n            <div class=\"col-12 col-md-6\">\n                <div class=\"cbtu__content cbtu__content--left\">\n                    <h2 class=\"h2 cbtu__title cbtu__title--left\">Nachhaltigkeit<\/h2>\n                    <div class=\"cbtu__text\"><p>Mit unserem nach ISO 14001 zertifizierten Umweltmanagementsystem haben wir uns dem strukturellen Umweltschutz verschrieben. Unser Ziel ist es nicht nur, die geltenden Gesetze und Vorschriften einzuhalten, sondern wir m\u00f6chten auf eine kontinuierliche Verbesserung der Umweltleistung des Unternehmens hinarbeiten und versuchen, jegliche Sch\u00e4den oder Verschmutzungen f\u00fcr die Umwelt zu minimieren. Abf\u00e4lle trennen wir so weit wie m\u00f6glich, damit sie recycelt werden k\u00f6nnen. Zudem pr\u00fcfen wir, wie wir Abfall reduzieren k\u00f6nnen.    <\/p>\n<p>Wir bem\u00fchen uns, die Materialien, die wir f\u00fcr unsere Formen kaufen, m\u00f6glichst pr\u00e4zise nach Bedarf zu bestellen. Dadurch wird verhindert, dass Stahl und Aluminium verschwendet werden. Wenn m\u00f6glich, verwenden wir auch recycelte Kunststoffe. In der Vergangenheit haben wir unter anderem recycelte Haushaltsabf\u00e4lle und recycelte Kunstrasenpl\u00e4tze verarbeitet. Auch mit Biokunststoff konnten wir schon Erfahrungen sammeln.    <\/p>\n<p><img loading=\"lazy\" decoding=\"async\" class=\"alignnone wp-image-718 size-thumbnail\" src=\"http:\/\/promatrix.myobcommunicatie.nl\/wp-content\/uploads\/2021\/12\/Promatrix_certificeringISO14001-2-150x150.png\" alt=\"\" width=\"150\" height=\"150\" srcset=\"https:\/\/promatrix.nl\/wp-content\/uploads\/2021\/12\/Promatrix_certificeringISO14001-2-150x150.png 150w, https:\/\/promatrix.nl\/wp-content\/uploads\/2021\/12\/Promatrix_certificeringISO14001-2-300x300.png 300w, https:\/\/promatrix.nl\/wp-content\/uploads\/2021\/12\/Promatrix_certificeringISO14001-2-320x320.png 320w, https:\/\/promatrix.nl\/wp-content\/uploads\/2021\/12\/Promatrix_certificeringISO14001-2.png 512w\" sizes=\"auto, (max-width: 150px) 100vw, 150px\" \/><\/p>\n<\/div>\n                                    <\/div>\n            <\/div>\n            <div class=\"col-12 col-md-6\">\n                <div class=\"cbtu__content cbtu__content--right\">\n                    <h2 class=\"h2 cbtu__title cbtu__title--right\"><\/h2>\n                    <div class=\"cbtu__text\"><h3>Philosophie<\/h3>\n<p>Promatrix ist ein intelligentes Unternehmen in der Fertigungsindustrie mit technologischem Fokus. Durch kontinuierliche Optimierung der Produktionsprozesse kann Promatrix hochwertige Aluminium- und Spritzgussteile schneller und mit einer k\u00fcrzeren als der markt\u00fcblichen Vorlaufzeit herstellen. <\/p>\n<p><\/p>\n<h3>Vision<\/h3>\n<p>Promatrix strebt eine Spitzenposition auf dem Gebiet Spritzguss von Kleinserien und der Bearbeitung von Aluminiumteilen (f\u00fcr Formen) an. Zudem ist eine Pr\u00e4senz auf verschiedenen M\u00e4rkten in Westeuropa geplant. Um dies zu erreichen, optimiert Promatrix kontinuierlich seine Prozesse und Organisation.  <\/p>\n<\/div>\n                                    <\/div>\n            <\/div>\n        <\/div>\n    <\/div>\n<\/section>\n\n\n\n\n    <section id=\"artikel\" class=\"cb cb__cta-banner cbcb\" style=\"background-image: url(https:\/\/promatrix.nl\/wp-content\/uploads\/2021\/10\/Promatrix_Wiezijnwij_Banner.jpg);\">\n        <div class=\"container\">\n            <div class=\"row\">\n                <div class=\"col-12\">\n                    <h1 class=\"h1 cbcb__title\">Sind Sie neugierig, was Promatrix genau macht? <br \/>\r\nDann lesen Sie unseren Artikel!<\/h1>\n                                            <div class=\"cbh__buttons cbhs__buttons\">\n                                                            <a class=\"btn btn--bg-blue\" href=\"https:\/\/promatrix.nl\/de\/vom-cad-modell-zum-endprodukt\/\">\n                                    weiterlesen                                <\/a>\n                                                    <\/div>\n                                    <\/div>\n            <\/div>\n        <\/div>\n    <\/section>\n\n","protected":false},"excerpt":{"rendered":"","protected":false},"author":11,"featured_media":0,"parent":0,"menu_order":0,"comment_status":"closed","ping_status":"closed","template":"","meta":{"_acf_changed":false,"footnotes":""},"class_list":["post-1308","page","type-page","status-publish","hentry"],"acf":[],"yoast_head":"<!-- This site is optimized with the Yoast SEO plugin v27.2 - https:\/\/yoast.com\/product\/yoast-seo-wordpress\/ -->\n<title>Wer wir sind - Promatrix<\/title>\n<meta name=\"robots\" content=\"index, follow, max-snippet:-1, max-image-preview:large, max-video-preview:-1\" \/>\n<link rel=\"canonical\" href=\"https:\/\/promatrix.nl\/de\/wer-wir-sind\/\" \/>\n<meta property=\"og:locale\" content=\"de_DE\" \/>\n<meta property=\"og:type\" content=\"article\" \/>\n<meta property=\"og:title\" content=\"Wer wir sind - Promatrix\" \/>\n<meta property=\"og:url\" content=\"https:\/\/promatrix.nl\/de\/wer-wir-sind\/\" \/>\n<meta property=\"og:site_name\" content=\"Promatrix\" \/>\n<meta property=\"article:modified_time\" content=\"2023-07-21T16:42:57+00:00\" \/>\n<meta name=\"twitter:card\" content=\"summary_large_image\" \/>\n<script type=\"application\/ld+json\" class=\"yoast-schema-graph\">{\"@context\":\"https:\/\/schema.org\",\"@graph\":[{\"@type\":\"WebPage\",\"@id\":\"https:\/\/promatrix.nl\/de\/wer-wir-sind\/\",\"url\":\"https:\/\/promatrix.nl\/de\/wer-wir-sind\/\",\"name\":\"Wer wir sind - Promatrix\",\"isPartOf\":{\"@id\":\"https:\/\/promatrix.nl\/de\/#website\"},\"datePublished\":\"2021-07-29T01:41:24+00:00\",\"dateModified\":\"2023-07-21T16:42:57+00:00\",\"breadcrumb\":{\"@id\":\"https:\/\/promatrix.nl\/de\/wer-wir-sind\/#breadcrumb\"},\"inLanguage\":\"de\",\"potentialAction\":[{\"@type\":\"ReadAction\",\"target\":[\"https:\/\/promatrix.nl\/de\/wer-wir-sind\/\"]}]},{\"@type\":\"BreadcrumbList\",\"@id\":\"https:\/\/promatrix.nl\/de\/wer-wir-sind\/#breadcrumb\",\"itemListElement\":[{\"@type\":\"ListItem\",\"position\":1,\"name\":\"Home\",\"item\":\"https:\/\/promatrix.nl\/de\/\"},{\"@type\":\"ListItem\",\"position\":2,\"name\":\"Wer wir sind\"}]},{\"@type\":\"WebSite\",\"@id\":\"https:\/\/promatrix.nl\/de\/#website\",\"url\":\"https:\/\/promatrix.nl\/de\/\",\"name\":\"Promatrix\",\"description\":\"technisch in Form\",\"potentialAction\":[{\"@type\":\"SearchAction\",\"target\":{\"@type\":\"EntryPoint\",\"urlTemplate\":\"https:\/\/promatrix.nl\/de\/?s={search_term_string}\"},\"query-input\":{\"@type\":\"PropertyValueSpecification\",\"valueRequired\":true,\"valueName\":\"search_term_string\"}}],\"inLanguage\":\"de\"}]}<\/script>\n<!-- \/ Yoast SEO plugin. -->","yoast_head_json":{"title":"Wer wir sind - Promatrix","robots":{"index":"index","follow":"follow","max-snippet":"max-snippet:-1","max-image-preview":"max-image-preview:large","max-video-preview":"max-video-preview:-1"},"canonical":"https:\/\/promatrix.nl\/de\/wer-wir-sind\/","og_locale":"de_DE","og_type":"article","og_title":"Wer wir sind - Promatrix","og_url":"https:\/\/promatrix.nl\/de\/wer-wir-sind\/","og_site_name":"Promatrix","article_modified_time":"2023-07-21T16:42:57+00:00","twitter_card":"summary_large_image","schema":{"@context":"https:\/\/schema.org","@graph":[{"@type":"WebPage","@id":"https:\/\/promatrix.nl\/de\/wer-wir-sind\/","url":"https:\/\/promatrix.nl\/de\/wer-wir-sind\/","name":"Wer wir sind - Promatrix","isPartOf":{"@id":"https:\/\/promatrix.nl\/de\/#website"},"datePublished":"2021-07-29T01:41:24+00:00","dateModified":"2023-07-21T16:42:57+00:00","breadcrumb":{"@id":"https:\/\/promatrix.nl\/de\/wer-wir-sind\/#breadcrumb"},"inLanguage":"de","potentialAction":[{"@type":"ReadAction","target":["https:\/\/promatrix.nl\/de\/wer-wir-sind\/"]}]},{"@type":"BreadcrumbList","@id":"https:\/\/promatrix.nl\/de\/wer-wir-sind\/#breadcrumb","itemListElement":[{"@type":"ListItem","position":1,"name":"Home","item":"https:\/\/promatrix.nl\/de\/"},{"@type":"ListItem","position":2,"name":"Wer wir sind"}]},{"@type":"WebSite","@id":"https:\/\/promatrix.nl\/de\/#website","url":"https:\/\/promatrix.nl\/de\/","name":"Promatrix","description":"technisch in Form","potentialAction":[{"@type":"SearchAction","target":{"@type":"EntryPoint","urlTemplate":"https:\/\/promatrix.nl\/de\/?s={search_term_string}"},"query-input":{"@type":"PropertyValueSpecification","valueRequired":true,"valueName":"search_term_string"}}],"inLanguage":"de"}]}},"_links":{"self":[{"href":"https:\/\/promatrix.nl\/de\/wp-json\/wp\/v2\/pages\/1308","targetHints":{"allow":["GET"]}}],"collection":[{"href":"https:\/\/promatrix.nl\/de\/wp-json\/wp\/v2\/pages"}],"about":[{"href":"https:\/\/promatrix.nl\/de\/wp-json\/wp\/v2\/types\/page"}],"author":[{"embeddable":true,"href":"https:\/\/promatrix.nl\/de\/wp-json\/wp\/v2\/users\/11"}],"replies":[{"embeddable":true,"href":"https:\/\/promatrix.nl\/de\/wp-json\/wp\/v2\/comments?post=1308"}],"version-history":[{"count":0,"href":"https:\/\/promatrix.nl\/de\/wp-json\/wp\/v2\/pages\/1308\/revisions"}],"wp:attachment":[{"href":"https:\/\/promatrix.nl\/de\/wp-json\/wp\/v2\/media?parent=1308"}],"curies":[{"name":"wp","href":"https:\/\/api.w.org\/{rel}","templated":true}]}}