{"id":1306,"date":"2021-06-28T09:12:53","date_gmt":"2021-06-28T09:12:53","guid":{"rendered":"https:\/\/promatrix.myobcommunicatie.nl\/die-profis-von-promatrix\/"},"modified":"2024-02-22T15:08:38","modified_gmt":"2024-02-22T15:08:38","slug":"die-profis-von-promatrix","status":"publish","type":"page","link":"https:\/\/promatrix.nl\/de\/die-profis-von-promatrix\/","title":{"rendered":"Wer wir sind"},"content":{"rendered":"\n    <section class=\"cb cb__header-slider cbhs\">\n        <div class=\"cbhs__slides swiper-container\">\n            <div class=\"swiper-wrapper\">\n                                                            \n                        <div class=\"swiper-slide cbhs__slide\" style=\"background-image: url(https:\/\/promatrix.nl\/wp-content\/uploads\/2021\/10\/Promatrix-deprosvanpromatrix-header-web.jpg);\">\n                            <div class=\"cbhs__container\">\n                                <div class=\"cbh__content cbhs__content\">\n                                                                        <h1 class=\"h1 cbh__title cbhs__title\">Die Vorteile von Promatrix <br \/>\n<\/h1>\n                                                                                                        <\/div>\n                            <\/div>\n                        <\/div>\n\n                                    \n            <\/div>\n            <!--div class=\"swiper-button swiper-button-next\"><\/!--div>\n        <div-- class=\"swiper-button swiper-button-prev\"><\/div-->\n        <\/div>\n                    <a href=\"#Einleitung\" class=\"header-arrow\">\n                Entdecken Sie Promatrix            <\/a>\n            <\/section>\n\n\n<section id=\"Einleitung\" class=\"cb cb__text-image cbti cbti--left\">\n    <div class=\"container cbti__watermark p-xl\">\n        <div class=\"row justify-content-between\">\n            <div class=\"col-12 col-md-5 cbti__image-col\">\n                                <img decoding=\"async\" src=\"https:\/\/promatrix.nl\/wp-content\/uploads\/2021\/07\/2D3A3863.jpg\" alt=\"Afbeelding die de tekst ondersteund\">\n                            <\/div>\n            <div class=\"col-12 col-md-6 cbti__content-col\">\n                                <div class=\"cbti__content\">\n                    <div class=\"cbti__text\"><p><strong>Was Promatrix 1995 als \u201ekleines\u201c Unternehmen begann, hat sich mittlerweile zu einem vollwertigen Produktionsunternehmen mit mehr als 60 Mitarbeitern entwickelt. Die Profis von Promatrix sprechen \u00fcber Fachwissen, Qualit\u00e4t und unseren Maschinenpark. In diesen drei wichtigen S\u00e4ulen stecken unsere Erfahrung, unser technisches Wissen und unsere Leidenschaft f\u00fcr die Herstellung. Gemeinsam schaffen sie einen Mehrwert f\u00fcr unsere Kunden. In der Praxis bedeutet das, dass wir im Bereich Formenbau, Spritzguss und Prototypenbau jeden Wunsch erf\u00fcllen k\u00f6nnen. <\/strong><\/p>\n<\/div>\n                                            <div class=\"cbti__buttons\">\n                                                            <a class=\"btn btn--bg-blue\" href=\"http:\/\/promatrix.nl\/contact\/#ons-team\">\n                                    Unser Team                                <\/a>\n                                                            <a class=\"btn btn--transparent-blue\" href=\"http:\/\/promatrix.nl\/nieuws\/\">\n                                    Neuigkeiten &amp; Fallbeispiele                                <\/a>\n                                                    <\/div>\n                                    <\/div>\n            <\/div>\n        <\/div>\n    <\/div>\n<\/section>\n\n\n<section id=\"\" class=\"cb cb__text-image cbti cbti--right\">\n    <div class=\"container  \">\n        <div class=\"row justify-content-between\">\n            <div class=\"col-12 col-md-5 cbti__image-col\">\n                                <img decoding=\"async\" src=\"https:\/\/promatrix.nl\/wp-content\/uploads\/2021\/07\/Promatrix_werkenbij_vacature.jpg\" alt=\"Afbeelding die de tekst ondersteund\">\n                            <\/div>\n            <div class=\"col-12 col-md-6 cbti__content-col\">\n                                <h2 class=\"h2 cbti__title mb-m\">Der wahre Vorteil<\/h2>\n                                <div class=\"cbti__content\">\n                    <div class=\"cbti__text\"><p><strong>Der wichtigste Vorteil von Promatrix sind zweifellos unsere Mitarbeiter. Denn egal, wie modern die Maschinen sind, ein gutes Endprodukt kann nur durch die Kreativit\u00e4t und die Kompetenz eines Mitarbeiterteams entstehen. Innovative L\u00f6sungen werden durch Menschen vorangetrieben, nicht andersherum.   <\/strong><\/p>\n<p>Die St\u00e4rke unseres Teams ist die gute Verbindung zwischen leidenschaftlichen Technikern und standhaften Backoffice-Mitarbeitern. Dadurch ist es uns m\u00f6glich, jede Kundenanfrage schnell und effizient in eine effektive L\u00f6sung umzusetzen. Die Mitarbeiter von Promatrix haben einige wichtige Dinge gemeinsam: Sie sind engagiert, wissbegierig und tun alles, um die W\u00fcnsche der Kunden zu erf\u00fcllen. Wir wollen \u00fcberdurchschnittlich gut arbeiten. Au\u00dferdem sind wir ein eingespieltes Team und davon \u00fcberzeugt, dass Sie die besten Ergebnisse erzielen, wenn wir zusammenarbeiten. Wir m\u00f6gen keine Hierarchie, aber wir sorgen daf\u00fcr, dass unsere Kunden immer einen festen Ansprechpartner haben.   <\/p>\n<p>Werden Sie einer unserer Profis und sehen Sie sich unsere <a href=\"https:\/\/promatrix.nl\/vacatures\/\">offenen Stellen<\/a> an!<\/p>\n<\/div>\n                                            <div class=\"cbti__buttons\">\n                                                            <a class=\"btn btn--bg-blue\" href=\"http:\/\/promatrix.nl\/vacatures\/\">\n                                    STELLENANGEBOTE ANZEIGEN                                <\/a>\n                                                    <\/div>\n                                    <\/div>\n            <\/div>\n        <\/div>\n    <\/div>\n<\/section>\n\n\n<section id=\"kwaliteit\" class=\"cb cb__text-2-columns cbt2c\">\n    <div class=\"container p-xl\">\n        <div class=\"row justify-content-between\">\n            <div class=\"col-12 col-md-6 cbt2c__content-col\">\n                <div class=\"cbt2c__content\">\n                    <h2 class=\"h2 cbt2c__title pb-m\" data-mh=\"cbt2c__title\">Qualit\u00e4t<\/h2>\n                    <div class=\"cbt2c__text\"><p><strong>Es versteht sich von selbst, dass Qualit\u00e4t f\u00fcr uns an erster Stelle steht. Das spiegelt sich nicht nur in unseren hochwertigen Maschinen wider, sondern auch in dem sicheren Arbeitsumfeld f\u00fcr unsere Mitarbeiter, unseren sorgf\u00e4ltigen Arbeitsmethoden und den hochwertigen Materialien, die wir verwenden. Das Ergebnis: hochwertige Produkte f\u00fcr unsere Kunden.  <\/strong><\/p>\n<p>Seit mehreren Jahren ist Promatrix zudem im Besitz des ISO 9001:2015-Zertifikats. Das bedeutet, dass die Prozesse im Unternehmen erfasst werden und j\u00e4hrlich \u00fcberpr\u00fcft wird, ob sie tats\u00e4chlich nach den festgelegten Abl\u00e4ufen funktionieren. Wir halten es f\u00fcr wichtig, dass auch unsere Kunden die Kontrolle \u00fcber die erwartete Qualit\u00e4t haben. Das 9001 ISO-Zertifikat garantiert dies. Wir sind au\u00dferdem ISO14001-zertifiziert. Unser Umweltmanagementsystem achtet strukturell auf die Umwelt in unserem Gesch\u00e4ftsbetrieb. Sie k\u00f6nnen eine Kopie unserer Richtlinienerkl\u00e4rung per E-Mail an <a title=\"mailto:info@promatrix.myobcommunicatie.nl\" contenteditable=\"false\" href=\"mailto:info@promatrix.nl\">info@promatrix.nl<\/a> anfordern.<\/p>\n<\/div>\n                                    <\/div>\n            <\/div>\n            <div class=\"col-12 col-md-6 cbt2c__content-col\">\n                <div class=\"cbt2c__content\">\n                    <h2 class=\"h2 cbt2c__title pb-m\" data-mh=\"cbt2c__title\"><\/h2>\n                    <div class=\"cbt2c__text\"><p>Um unsere Qualit\u00e4tsstandards hoch zu halten, investieren wir viel Zeit und Energie in Forschung und Entwicklung. Wir informieren uns fortlaufend \u00fcber neue Produkte und Techniken im Bereich Aluminiumformen und Spritzguss und beobachten genau, was der Markt von uns verlangt. <\/p>\n<p>&nbsp;<\/p>\n<p><img loading=\"lazy\" decoding=\"async\" class=\"alignnone wp-image-2625 size-thumbnail\" src=\"http:\/\/promatrix.nl\/wp-content\/uploads\/2023\/07\/ISO_9001-150x150.jpg\" alt=\"ISO-Zertifizierung\" width=\"150\" height=\"150\" srcset=\"https:\/\/promatrix.nl\/wp-content\/uploads\/2023\/07\/ISO_9001-150x150.jpg 150w, https:\/\/promatrix.nl\/wp-content\/uploads\/2023\/07\/ISO_9001-300x300.jpg 300w, https:\/\/promatrix.nl\/wp-content\/uploads\/2023\/07\/ISO_9001-1024x1024.jpg 1024w, https:\/\/promatrix.nl\/wp-content\/uploads\/2023\/07\/ISO_9001-768x768.jpg 768w, https:\/\/promatrix.nl\/wp-content\/uploads\/2023\/07\/ISO_9001-1536x1536.jpg 1536w, https:\/\/promatrix.nl\/wp-content\/uploads\/2023\/07\/ISO_9001-2048x2048.jpg 2048w, https:\/\/promatrix.nl\/wp-content\/uploads\/2023\/07\/ISO_9001-640x640.jpg 640w, https:\/\/promatrix.nl\/wp-content\/uploads\/2023\/07\/ISO_9001-960x960.jpg 960w, https:\/\/promatrix.nl\/wp-content\/uploads\/2023\/07\/ISO_9001-1280x1280.jpg 1280w, https:\/\/promatrix.nl\/wp-content\/uploads\/2023\/07\/ISO_9001-320x320.jpg 320w\" sizes=\"auto, (max-width: 150px) 100vw, 150px\" \/>  <img loading=\"lazy\" decoding=\"async\" class=\"alignnone wp-image-2628 size-thumbnail\" src=\"http:\/\/promatrix.nl\/wp-content\/uploads\/2023\/07\/ISO_14001-150x150.jpg\" alt=\"ISO-Zertifizierung\" width=\"150\" height=\"150\" srcset=\"https:\/\/promatrix.nl\/wp-content\/uploads\/2023\/07\/ISO_14001-150x150.jpg 150w, https:\/\/promatrix.nl\/wp-content\/uploads\/2023\/07\/ISO_14001-300x300.jpg 300w, https:\/\/promatrix.nl\/wp-content\/uploads\/2023\/07\/ISO_14001-1024x1024.jpg 1024w, https:\/\/promatrix.nl\/wp-content\/uploads\/2023\/07\/ISO_14001-768x768.jpg 768w, https:\/\/promatrix.nl\/wp-content\/uploads\/2023\/07\/ISO_14001-1536x1536.jpg 1536w, https:\/\/promatrix.nl\/wp-content\/uploads\/2023\/07\/ISO_14001-2048x2048.jpg 2048w, https:\/\/promatrix.nl\/wp-content\/uploads\/2023\/07\/ISO_14001-640x640.jpg 640w, https:\/\/promatrix.nl\/wp-content\/uploads\/2023\/07\/ISO_14001-960x960.jpg 960w, https:\/\/promatrix.nl\/wp-content\/uploads\/2023\/07\/ISO_14001-1280x1280.jpg 1280w, https:\/\/promatrix.nl\/wp-content\/uploads\/2023\/07\/ISO_14001-320x320.jpg 320w\" sizes=\"auto, (max-width: 150px) 100vw, 150px\" \/><\/p>\n<\/div>\n                                    <\/div>\n            <\/div>\n        <\/div>\n    <\/div>\n<\/section>\n\n\n<section id=\"expertise\" class=\"cb cb__text-image cbti cbti--right\">\n    <div class=\"container  p-xl\">\n        <div class=\"row justify-content-between\">\n            <div class=\"col-12 col-md-5 cbti__image-col\">\n                                <img decoding=\"async\" src=\"https:\/\/promatrix.nl\/wp-content\/uploads\/2023\/07\/305S2074-arie-bon-fotografie-2400x1600.jpg\" alt=\"Afbeelding die de tekst ondersteund\">\n                            <\/div>\n            <div class=\"col-12 col-md-6 cbti__content-col\">\n                                <h2 class=\"h2 cbti__title mb-m\">Expertise <\/h2>\n                                <div class=\"cbti__content\">\n                    <div class=\"cbti__text\"><p><strong>Wir haben uns auf eine Marktnische spezialisiert. Vor 25 Jahren war Promatrix eines der ersten Unternehmen in den Niederlanden, das Aluminiumformen herstellte. In dieser Hinsicht zeichnen wir uns auch heute noch aus, insbesondere durch die Kombination mit unserer Spritzgussanlage.  <\/strong><\/p>\n<p>Aufgrund unserer Spezialisierung durften wir schon f\u00fcr viele gro\u00dfartige und unterschiedliche Kunden arbeiten. Wir produzieren alles von der Sto\u00dfstange f\u00fcr den Prototyp eines neuen Autos bis hin zu einer Komponente f\u00fcr Futtertr\u00f6ge f\u00fcr Rinderst\u00e4lle. Tagt\u00e4glich setzen wir mit gro\u00dfer Leidenschaft die W\u00fcnsche unserer Kunden in ein funktionelles und hochwertiges Produkt um.  <\/p>\n<\/div>\n                                    <\/div>\n            <\/div>\n        <\/div>\n    <\/div>\n<\/section>\n\n\n<section id=\"machinepark\" class=\"cb cb__text-banner cbtb mb-l\">\n    <div class=\"container\">\n        <div class=\"row\">\n            <div class=\"col-12 col-sm-10 col-md-8 col-lg-6\">\n                <div class=\"cbtb__text\">\n                    <h2>Maschinenpark<\/h2>\n<p>F\u00fcr die Herstellung unserer Produkte verwenden wir die modernsten Maschinen. Der Maschinenpark von Promatrix umfasst u. a. dreizehn moderne CNC-Fr\u00e4smaschinen. Einige dieser Maschinen sind mit einer automatisierten Roboterzelle ausgestattet. Diese Roboterzellen wechseln die Werkzeuge und best\u00fccken die Maschinen mit Werkst\u00fccken. So k\u00f6nnen die Maschinen jeden Tag rund um die Uhr laufen. Gleichzeitig entlasten wir unsere Mitarbeiter, indem wir ihnen Arbeit abnehmen.     <\/p>\n<p>Die hergestellten Formen spritzgie\u00dfen wir auf unseren eigenen Spritzgussmaschinen, deren Schlie\u00dfkraft von 6 bis 1300 Tonnen reicht. Dadurch k\u00f6nnen wir Produkte jeglicher Gr\u00f6\u00dfe spritzgie\u00dfen \u2013 von winzig klein bis riesig gro\u00df. <\/p>\n<p>Unsere Maschinen stammen von zuverl\u00e4ssigen und international t\u00e4tigen Herstellern, zu denen wir gute Beziehungen pflegen. Gemeinsam mit diesen Partnern k\u00f6nnen wir unseren Maschinenpark kontinuierlich optimieren und bei Bedarf erweitern. <\/p>\n                <\/div>\n            <\/div>\n        <\/div>\n    <\/div>\n    <div class=\"cbtb__image\" style=\"background-image: url(https:\/\/promatrix.nl\/wp-content\/uploads\/2023\/07\/305S6118-arie-bon-fotografie-2400x1600.jpg);\"><\/div>\n<\/section>\n\n\n<section id=\"\" class=\"cb cb__text-unequal cbtu\">\n    <div class=\"container\">\n        <div class=\"row\">\n            <div class=\"col-12 col-md-6\">\n                <div class=\"cbtu__content cbtu__content--left\">\n                    <h2 class=\"h2 cbtu__title cbtu__title--left\">Nachhaltigkeit<\/h2>\n                    <div class=\"cbtu__text\"><p>Mit unserem nach ISO 14001 zertifizierten Umweltmanagementsystem haben wir uns dem strukturellen Umweltschutz verschrieben. Unser Ziel ist es nicht nur, die geltenden Gesetze und Vorschriften einzuhalten, sondern wir m\u00f6chten auf eine kontinuierliche Verbesserung der Umweltleistung des Unternehmens hinarbeiten und versuchen, jegliche Sch\u00e4den oder Verschmutzungen f\u00fcr die Umwelt zu minimieren. Abf\u00e4lle trennen wir so weit wie m\u00f6glich, damit sie recycelt werden k\u00f6nnen. Zudem pr\u00fcfen wir, wie wir Abfall reduzieren k\u00f6nnen.    <\/p>\n<p>Wir bem\u00fchen uns, die Materialien, die wir f\u00fcr unsere Formen kaufen, m\u00f6glichst pr\u00e4zise nach Bedarf zu bestellen. Dadurch wird verhindert, dass Stahl und Aluminium verschwendet werden. Wenn m\u00f6glich, verwenden wir auch recycelte Kunststoffe. In der Vergangenheit haben wir unter anderem recycelte Haushaltsabf\u00e4lle und recycelte Kunstrasenpl\u00e4tze verarbeitet. Auch mit Biokunststoff konnten wir schon Erfahrungen sammeln.    <\/p>\n<\/div>\n                                    <\/div>\n            <\/div>\n            <div class=\"col-12 col-md-6\">\n                <div class=\"cbtu__content cbtu__content--right\">\n                    <h2 class=\"h2 cbtu__title cbtu__title--right\"><\/h2>\n                    <div class=\"cbtu__text\"><h3>Philosophie<\/h3>\n<p>Promatrix ist ein intelligentes Unternehmen in der Fertigungsindustrie mit technologischem Fokus. Durch kontinuierliche Optimierung der Produktionsprozesse kann Promatrix hochwertige Aluminium- und Spritzgussteile schneller und mit einer k\u00fcrzeren als der markt\u00fcblichen Vorlaufzeit herstellen. <\/p>\n<h3>Vision<\/h3>\n<p>Promatrix strebt eine Spitzenposition auf dem Gebiet Spritzguss von Kleinserien und der Bearbeitung von Aluminiumteilen (f\u00fcr Formen) an. Zudem ist eine Pr\u00e4senz auf verschiedenen M\u00e4rkten in Westeuropa geplant. Um dies zu erreichen, optimiert Promatrix kontinuierlich seine Prozesse und Organisation.  <\/p>\n<\/div>\n                                    <\/div>\n            <\/div>\n        <\/div>\n    <\/div>\n<\/section>\n\n\n    <section id=\"\" class=\"cb cb__cta-banner cbcb\" style=\"background-image: url(https:\/\/promatrix.nl\/wp-content\/uploads\/2021\/10\/Promatrix_Wiezijnwij_Banner.jpg);\">\n        <div class=\"container\">\n            <div class=\"row\">\n                <div class=\"col-12\">\n                    <h1 class=\"h1 cbcb__title\">Sind Sie neugierig, was Promatrix genau macht? <br \/>\n<br \/>\nDann lesen Sie unseren Artikel!<\/h1>\n                                            <div class=\"cbh__buttons cbhs__buttons\">\n                                                            <a class=\"btn btn--bg-blue\" href=\"http:\/\/promatrix.nl\/van-cad-model-tot-eindproduct\/\">\n                                    MEHR LESEN                                <\/a>\n                                                    <\/div>\n                                    <\/div>\n            <\/div>\n        <\/div>\n    <\/section>\n\n","protected":false},"excerpt":{"rendered":"","protected":false},"author":11,"featured_media":0,"parent":0,"menu_order":0,"comment_status":"closed","ping_status":"closed","template":"","meta":{"_acf_changed":false,"footnotes":""},"class_list":["post-1306","page","type-page","status-publish","hentry"],"acf":[],"yoast_head":"<!-- This site is optimized with the Yoast SEO plugin v27.2 - https:\/\/yoast.com\/product\/yoast-seo-wordpress\/ -->\n<title>Wer wir sind - Promatrix<\/title>\n<meta name=\"description\" content=\"Mit unserem Fachwissen, unserer Qualit\u00e4t und unserem hochtechnologischen Maschinenpark erf\u00fcllen wir jeden Wunsch im Bereich Formenbau, Spritzguss und Prototypenbau.\" \/>\n<meta name=\"robots\" content=\"index, follow, max-snippet:-1, max-image-preview:large, max-video-preview:-1\" \/>\n<link rel=\"canonical\" href=\"https:\/\/promatrix.nl\/de\/die-profis-von-promatrix\/\" \/>\n<meta property=\"og:locale\" content=\"de_DE\" \/>\n<meta property=\"og:type\" content=\"article\" \/>\n<meta property=\"og:title\" content=\"Wer wir sind - Promatrix\" \/>\n<meta property=\"og:description\" content=\"Mit unserem Fachwissen, unserer Qualit\u00e4t und unserem hochtechnologischen Maschinenpark erf\u00fcllen wir jeden Wunsch im Bereich Formenbau, Spritzguss und Prototypenbau.\" \/>\n<meta property=\"og:url\" content=\"https:\/\/promatrix.nl\/de\/die-profis-von-promatrix\/\" \/>\n<meta property=\"og:site_name\" content=\"Promatrix\" \/>\n<meta property=\"article:modified_time\" content=\"2024-02-22T15:08:38+00:00\" \/>\n<meta name=\"twitter:card\" content=\"summary_large_image\" \/>\n<script type=\"application\/ld+json\" class=\"yoast-schema-graph\">{\"@context\":\"https:\/\/schema.org\",\"@graph\":[{\"@type\":\"WebPage\",\"@id\":\"https:\/\/promatrix.nl\/de\/die-profis-von-promatrix\/\",\"url\":\"https:\/\/promatrix.nl\/de\/die-profis-von-promatrix\/\",\"name\":\"Wer wir sind - Promatrix\",\"isPartOf\":{\"@id\":\"https:\/\/promatrix.nl\/de\/#website\"},\"datePublished\":\"2021-06-28T09:12:53+00:00\",\"dateModified\":\"2024-02-22T15:08:38+00:00\",\"description\":\"Mit unserem Fachwissen, unserer Qualit\u00e4t und unserem hochtechnologischen Maschinenpark erf\u00fcllen wir jeden Wunsch im Bereich Formenbau, Spritzguss und Prototypenbau.\",\"breadcrumb\":{\"@id\":\"https:\/\/promatrix.nl\/de\/die-profis-von-promatrix\/#breadcrumb\"},\"inLanguage\":\"de\",\"potentialAction\":[{\"@type\":\"ReadAction\",\"target\":[\"https:\/\/promatrix.nl\/de\/die-profis-von-promatrix\/\"]}]},{\"@type\":\"BreadcrumbList\",\"@id\":\"https:\/\/promatrix.nl\/de\/die-profis-von-promatrix\/#breadcrumb\",\"itemListElement\":[{\"@type\":\"ListItem\",\"position\":1,\"name\":\"Home\",\"item\":\"https:\/\/promatrix.nl\/de\/\"},{\"@type\":\"ListItem\",\"position\":2,\"name\":\"Wer wir sind\"}]},{\"@type\":\"WebSite\",\"@id\":\"https:\/\/promatrix.nl\/de\/#website\",\"url\":\"https:\/\/promatrix.nl\/de\/\",\"name\":\"Promatrix\",\"description\":\"technisch in Form\",\"potentialAction\":[{\"@type\":\"SearchAction\",\"target\":{\"@type\":\"EntryPoint\",\"urlTemplate\":\"https:\/\/promatrix.nl\/de\/?s={search_term_string}\"},\"query-input\":{\"@type\":\"PropertyValueSpecification\",\"valueRequired\":true,\"valueName\":\"search_term_string\"}}],\"inLanguage\":\"de\"}]}<\/script>\n<!-- \/ Yoast SEO plugin. -->","yoast_head_json":{"title":"Wer wir sind - Promatrix","description":"Mit unserem Fachwissen, unserer Qualit\u00e4t und unserem hochtechnologischen Maschinenpark erf\u00fcllen wir jeden Wunsch im Bereich Formenbau, Spritzguss und Prototypenbau.","robots":{"index":"index","follow":"follow","max-snippet":"max-snippet:-1","max-image-preview":"max-image-preview:large","max-video-preview":"max-video-preview:-1"},"canonical":"https:\/\/promatrix.nl\/de\/die-profis-von-promatrix\/","og_locale":"de_DE","og_type":"article","og_title":"Wer wir sind - Promatrix","og_description":"Mit unserem Fachwissen, unserer Qualit\u00e4t und unserem hochtechnologischen Maschinenpark erf\u00fcllen wir jeden Wunsch im Bereich Formenbau, Spritzguss und Prototypenbau.","og_url":"https:\/\/promatrix.nl\/de\/die-profis-von-promatrix\/","og_site_name":"Promatrix","article_modified_time":"2024-02-22T15:08:38+00:00","twitter_card":"summary_large_image","schema":{"@context":"https:\/\/schema.org","@graph":[{"@type":"WebPage","@id":"https:\/\/promatrix.nl\/de\/die-profis-von-promatrix\/","url":"https:\/\/promatrix.nl\/de\/die-profis-von-promatrix\/","name":"Wer wir sind - Promatrix","isPartOf":{"@id":"https:\/\/promatrix.nl\/de\/#website"},"datePublished":"2021-06-28T09:12:53+00:00","dateModified":"2024-02-22T15:08:38+00:00","description":"Mit unserem Fachwissen, unserer Qualit\u00e4t und unserem hochtechnologischen Maschinenpark erf\u00fcllen wir jeden Wunsch im Bereich Formenbau, Spritzguss und Prototypenbau.","breadcrumb":{"@id":"https:\/\/promatrix.nl\/de\/die-profis-von-promatrix\/#breadcrumb"},"inLanguage":"de","potentialAction":[{"@type":"ReadAction","target":["https:\/\/promatrix.nl\/de\/die-profis-von-promatrix\/"]}]},{"@type":"BreadcrumbList","@id":"https:\/\/promatrix.nl\/de\/die-profis-von-promatrix\/#breadcrumb","itemListElement":[{"@type":"ListItem","position":1,"name":"Home","item":"https:\/\/promatrix.nl\/de\/"},{"@type":"ListItem","position":2,"name":"Wer wir sind"}]},{"@type":"WebSite","@id":"https:\/\/promatrix.nl\/de\/#website","url":"https:\/\/promatrix.nl\/de\/","name":"Promatrix","description":"technisch in Form","potentialAction":[{"@type":"SearchAction","target":{"@type":"EntryPoint","urlTemplate":"https:\/\/promatrix.nl\/de\/?s={search_term_string}"},"query-input":{"@type":"PropertyValueSpecification","valueRequired":true,"valueName":"search_term_string"}}],"inLanguage":"de"}]}},"_links":{"self":[{"href":"https:\/\/promatrix.nl\/de\/wp-json\/wp\/v2\/pages\/1306","targetHints":{"allow":["GET"]}}],"collection":[{"href":"https:\/\/promatrix.nl\/de\/wp-json\/wp\/v2\/pages"}],"about":[{"href":"https:\/\/promatrix.nl\/de\/wp-json\/wp\/v2\/types\/page"}],"author":[{"embeddable":true,"href":"https:\/\/promatrix.nl\/de\/wp-json\/wp\/v2\/users\/11"}],"replies":[{"embeddable":true,"href":"https:\/\/promatrix.nl\/de\/wp-json\/wp\/v2\/comments?post=1306"}],"version-history":[{"count":2,"href":"https:\/\/promatrix.nl\/de\/wp-json\/wp\/v2\/pages\/1306\/revisions"}],"predecessor-version":[{"id":3578,"href":"https:\/\/promatrix.nl\/de\/wp-json\/wp\/v2\/pages\/1306\/revisions\/3578"}],"wp:attachment":[{"href":"https:\/\/promatrix.nl\/de\/wp-json\/wp\/v2\/media?parent=1306"}],"curies":[{"name":"wp","href":"https:\/\/api.w.org\/{rel}","templated":true}]}}