{"id":1302,"date":"2021-07-22T12:02:27","date_gmt":"2021-07-22T12:02:27","guid":{"rendered":"https:\/\/promatrix.myobcommunicatie.nl\/prototyping\/"},"modified":"2023-07-21T16:47:21","modified_gmt":"2023-07-21T16:47:21","slug":"prototyping","status":"publish","type":"page","link":"https:\/\/promatrix.nl\/de\/prototyping\/","title":{"rendered":"Prototyping"},"content":{"rendered":"\n    <section class=\"cb cb__header-slider cbhs\">\n        <div class=\"cbhs__slides swiper-container\">\n            <div class=\"swiper-wrapper\">\n                                                            \n                        <div class=\"swiper-slide cbhs__slide\" style=\"background-image: url(https:\/\/promatrix.nl\/wp-content\/uploads\/2021\/07\/Prototyping-header.jpg);\">\n                            <div class=\"cbhs__container\">\n                                <div class=\"cbh__content cbhs__content\">\n                                                                        <h1 class=\"h1 cbh__title cbhs__title\">Prototyping<\/h1>\n                                                                            <h3 class=\"h3 cbh__subtitle cbhs__subtitle\">Produktentwicklung: vom Formdesign zum Kunststoffprodukt.<\/h3>\n                                                                                                                <div class=\"cbh__buttons cbhs__buttons\">\n                                            \n                                                <a class=\"btn btn--transparent-white-border\" href=\"https:\/\/promatrix.nl\/de\/prototyping\/#prototyping-over-het-proces\">\n                                                    Der Prozess                                                <\/a>\n                                            \n                                                <a class=\"btn btn--transparent-white-border\" href=\"https:\/\/promatrix.nl\/de\/prototyping\/#prototyping-cases\">\n                                                    Fallbeispiele                                                <\/a>\n                                                                                    <\/div>\n                                                                    <\/div>\n                            <\/div>\n                        <\/div>\n\n                                    \n            <\/div>\n            <!--div class=\"swiper-button swiper-button-next\"><\/!--div>\n        <div-- class=\"swiper-button swiper-button-prev\"><\/div-->\n        <\/div>\n            <\/section>\n\n\n\n\n<section id=\"prototyping-voordelen\" class=\"cb cb__text-advantages cbta \">\n    <div class=\"container \">\n        <div class=\"row justify-content-between\">\n            <div class=\"col-12 col-md-6 cbta__content-col\">\n                                <h2 class=\"h2 cbta__title mb-m\">Schnell und kosteng\u00fcnstig einen Prototyp entwickeln lassen<\/h2>\n                            \n                <div class=\"cbta__content\">\n                    <div class=\"cbta__text\"><p>Bei Promatrix stellen wir unsere eigenen <a href=\"https:\/\/promatrix.nl\/de\/formenherstellung\/\">Formen<\/a> her und verwendet diese zur Herstellung von Kunststoffprodukten. Daher k\u00f6nnen wir Prototypen schnell und zu einem wettbewerbsf\u00e4higen Preis liefern.<\/p>\n<\/div>\n                                            <div class=\"cbta__buttons pt-s\">\n                                                            <a class=\"btn btn--bg-blue\" href=\"https:\/\/promatrix.nl\/de\/prototyping\/#prototyping-cases\">\n                                    Unsere Fallbeispiele                                <\/a>\n                                \n                                                            <a class=\"btn btn--transparent-blue\" href=\"https:\/\/promatrix.nl\/de\/die-profis-von-promatrix\/#expertise\">\n                                    Unsere Expertise                                <\/a>\n                                \n                                                    <\/div>\n                                    <\/div>\n            <\/div>\n            <div class=\"col-12 col-md-6 cbta__advantages\">\n                <div class=\"cbta__advantages-col p-l\">\n                                        <h2 class=\"h2 cbta__title mb-m\">Vorteile von Prototyping bei Promatrix<br \/>\r\n<\/h2>\n                                                                                        <div class=\"cbta__advantages-items\">\n                            \n                            <div class=\"cbta__advantages-item cbta__advantages-item-0 js-cbta__advantages-item\">\n                                <h4 class=\"h4 cbta__advantages-title\">Produkte k\u00f6nnen schnell getestet und auf den Markt gebracht werden <\/h4>\n                                <div class=\"cbta__advantages-text\"><p>Promatrix stellt die Form und die Kunststoffprodukte im eigenen Werk her. Alle Prozessschritte vom Engineering, \u00fcber die Bearbeitung bis zum Spritzguss sind auf kurze Durchlaufzeiten ausgelegt. Dadurch k\u00f6nnen wir innerhalb von vier Wochen die Aluminiumform liefern und den Spritzguss testen.   <\/p>\n<\/div>\n                            <\/div>\n\n                                                        \n                            <div class=\"cbta__advantages-item cbta__advantages-item-1 js-cbta__advantages-item\">\n                                <h4 class=\"h4 cbta__advantages-title\">Das Endprodukt ist repr\u00e4sentativ f\u00fcr die Situation bei einer Massenproduktion<\/h4>\n                                <div class=\"cbta__advantages-text\"><p>Bei der Herstellung einer Prototypenform suchen wir immer den effizientesten Weg zur Herstellung der endg\u00fcltigen Prototypenserie. Das kann bedeuten, dass wir komplexe Konstruktionen weglassen und die Produkte von Hand auspacken. Dies alles erfolgt nat\u00fcrlich in Absprache mit Ihnen.  <\/p>\n<\/div>\n                            <\/div>\n\n                                                        \n                            <div class=\"cbta__advantages-item cbta__advantages-item-2 js-cbta__advantages-item\">\n                                <h4 class=\"h4 cbta__advantages-title\">G\u00fcnstiger Preis<\/h4>\n                                <div class=\"cbta__advantages-text\"><p>Wir denken mit \u2013 auch in Bezug auf den Preis. Formen, die manuell angepasst werden m\u00fcssen, f\u00fchren zu einem h\u00f6heren Produktpreis als Formen, die automatisch verarbeitet werden. Wir ermitteln gemeinsam, welche Variante den f\u00fcr Sie g\u00fcnstigsten Gesamtpreis ergibt.  <\/p>\n<\/div>\n                            <\/div>\n\n                                                                                <\/div>\n                                    <\/div>\n            <\/div>\n        <\/div>\n    <\/div>\n<\/section>\n\n\n\n\n<section id=\"prototyping-over-het-proces\" class=\"cb cb__proces cbp pt-xl\">\n    <div class=\"supertitle cbp__supertitle\">Das Verfahren <br \/>\n<\/div>\n    <div class=\"container\">\n        <div class=\"row justify-content-center\">\n            <div class=\"col-12 col-md-10\">\n                                                        \n                        <div class=\"row cbp__row\">\n                            <div class=\"col-10 col-md-8 col-lg-6 cbp__col\">\n                                <div class=\"cbp__item\">\n                                    <div class=\"cbp__number\">\n                                        1.\n                                    <\/div>\n                                    <div class=\"cbp__content\">\n                                        <h2 class=\"h2 cbp__title\">Beratung<\/h2>\n                                        <div class=\"cbp__text\">Auf der Grundlage Ihrer Produktzeichnung und Ihres Arbeitsprozesses ermitteln wir gemeinsam die beste betriebliche L\u00f6sung. Gemeinsam mit Ihnen pr\u00fcfen wir die Herstellbarkeit des Produkts und beraten Sie zu m\u00f6glichen Anpassungen. Diese Anpassungen nehmen wir gern f\u00fcr Sie vor. In diesem Stadium ist es wichtig zu wissen, welche Mengen produziert werden sollen, denn dieser Faktor ist ausschlaggebend f\u00fcr die Konstruktion der Form.    <\/div>\n                                                                            <\/div>\n                                <\/div>\n                            <\/div>\n                        <\/div>\n                        \n                    \n                        <div class=\"row cbp__row\">\n                            <div class=\"col-10 col-md-8 col-lg-6 cbp__col\">\n                                <div class=\"cbp__item\">\n                                    <div class=\"cbp__number\">\n                                        2.\n                                    <\/div>\n                                    <div class=\"cbp__content\">\n                                        <h2 class=\"h2 cbp__title\">Entwurf der Form<\/h2>\n                                        <div class=\"cbp__text\">Ihre Produktzeichnung wird von unseren CAD-Ingenieuren bis ins kleinste Detail in einen Formenentwurf umgesetzt. Unsere Ingenieure w\u00e4hlen den richtigen Aufbau und entwerfen eine gut funktionierende Form f\u00fcr Ihre Prototypen. <\/div>\n                                                                                    <div class=\"cbp__buttons\">\n                                                                                                    <a class=\"btn btn--bg-blue\" href=\"http:\/\/promatrix.myobcommunicatie.nl\/de\/prototyping\/#prototyping-voordelen\">\n                                                        ALLE VORTEILE ANZEIGEN                                                    <\/a>\n                                                                                                    <a class=\"btn btn--transparent-blue\" href=\"http:\/\/promatrix.myobcommunicatie.nl\/de\/wer-wir-sind\/\">\n                                                        Unsere Expertise                                                    <\/a>\n                                                                                            <\/div>\n                                                                            <\/div>\n                                <\/div>\n                            <\/div>\n                        <\/div>\n                        \n                    \n                        <div class=\"row cbp__row\">\n                            <div class=\"col-10 col-md-8 col-lg-6 cbp__col\">\n                                <div class=\"cbp__item\">\n                                    <div class=\"cbp__number\">\n                                        3.\n                                    <\/div>\n                                    <div class=\"cbp__content\">\n                                        <h2 class=\"h2 cbp__title\">Herstellung der Formen<\/h2>\n                                        <div class=\"cbp__text\">Ist der Entwurf fertig? Dann wird f\u00fcr jede Formkomponente ein CAM-Programm f\u00fcr die CNC-Fr\u00e4smaschinen erstellt. Die Herstellung der Komponenten kann beginnen.  <\/div>\n                                                                                    <div class=\"cbp__buttons\">\n                                                                                                    <a class=\"btn btn--bg-blue\" href=\"http:\/\/promatrix.myobcommunicatie.nl\/de\/formenherstellung\/\">\n                                                        FORMENHERSTELLUNG ANSEHEN                                                    <\/a>\n                                                                                            <\/div>\n                                                                            <\/div>\n                                <\/div>\n                            <\/div>\n                        <\/div>\n                        \n                    \n                        <div class=\"row cbp__row\">\n                            <div class=\"col-10 col-md-8 col-lg-6 cbp__col\">\n                                <div class=\"cbp__item\">\n                                    <div class=\"cbp__number\">\n                                        4.\n                                    <\/div>\n                                    <div class=\"cbp__content\">\n                                        <h2 class=\"h2 cbp__title\">Montage der Form<\/h2>\n                                        <div class=\"cbp__text\">Sobald die Einzelteile hergestellt sind, werden sie in unserer Montageabteilung zusammengesetzt. Hier arbeiten echte Werkzeugmacher. Sie stellen sicher, dass alle Teile genau zusammenpassen und ein perfektes Endprodukt entsteht. Dann ist Ihre Form fertig.   <\/div>\n                                                                                    <div class=\"cbp__buttons\">\n                                                                                                    <a class=\"btn btn--bg-blue\" href=\"http:\/\/promatrix.myobcommunicatie.nl\/de\/formenherstellung\/\">\n                                                        FORMENHERSTELLUNG ANSEHEN                                                    <\/a>\n                                                                                            <\/div>\n                                                                            <\/div>\n                                <\/div>\n                            <\/div>\n                        <\/div>\n                        \n                    \n                        <div class=\"row cbp__row\">\n                            <div class=\"col-10 col-md-8 col-lg-6 cbp__col\">\n                                <div class=\"cbp__item\">\n                                    <div class=\"cbp__number\">\n                                        5.\n                                    <\/div>\n                                    <div class=\"cbp__content\">\n                                        <h2 class=\"h2 cbp__title\">Spritzguss<\/h2>\n                                        <div class=\"cbp__text\">Die Spritzgussmaschine wird passend zum Produktformat ausgew\u00e4hlt. Wir verf\u00fcgen \u00fcber verschiedene Spritzgussmaschinen mit einer Schlie\u00dfkraft von 6 Tonnen bis 1300 Tonnen. Nun k\u00f6nnen wir mit der Herstellung Ihres Endprodukts beginnen.   <\/div>\n                                                                                    <div class=\"cbp__buttons\">\n                                                                                                    <a class=\"btn btn--bg-blue\" href=\"http:\/\/promatrix.myobcommunicatie.nl\/de\/spritzguss\/\">\n                                                        SPRITZGUSS ANSEHEN                                                    <\/a>\n                                                                                                    <a class=\"btn btn--transparent-blue\" href=\"http:\/\/promatrix.myobcommunicatie.nl\/de\/die-profis-von-promatrix\/#expertise\">\n                                                        Unsere Expertise                                                    <\/a>\n                                                                                            <\/div>\n                                                                            <\/div>\n                                <\/div>\n                            <\/div>\n                        <\/div>\n                        \n                                                <\/div>\n        <\/div>\n    <\/div>\n<\/section>\n\n\n\n\n\n<section id=\"prototyping-cases\" class=\"cb cb__cases cbc\">\n    <div class=\"container cbc__container\">\n        <div class=\"row justify-content-center\">\n            <div class=\"col-12 col-md-10\">\n\n                <div class=\"row justify-content-between cbc__content-row\">\n                    <div class=\"col-12 col-md-10 mb-md-5 mt-md-5 col-lg-5 col-4 cbc__content-col\">\n                        <div class=\"cbc__content\">\n                            <h2 class=\"h2 cbc__content-title mb-s\">Branchen &amp; Beispiele<\/h2>\n                            <div class=\"cbc__content-text\"><p>Die Formen, die Promatrix herstellt, sind zum gro\u00dfen Teil Testformen (auch Prototypformen genannt). Meistens m\u00f6chte der Kunde die Funktionsweise des Produkts testen. In der Automobilindustrie kommt Prototyping h\u00e4ufig zum Einsatz, denn bei der Entwicklung von Autos wird nichts dem Zufall \u00fcberlassen. Neu entwickelte Autos werden umfassend getestet, bevor sie auf den Markt kommen. Das bedeutet, dass die meisten Kunststoffteile nach der gleichen Methode hergestellt werden m\u00fcssen wie das Endprodukt. Da die Methode dieselbe ist, kann das Auto uneingeschr\u00e4nkt getestet werden. Promatrix produziert sowohl die Formen als auch die Kunststoffprodukte. Dabei handelt es sich um die verschiedensten Teile, z. B. Sto\u00dfstangen, K\u00fchlergrills, Scheinwerfer und Heckleuchten, aber auch Armaturenbretter, T\u00fcrverkleidungen, Mittelkonsolen, Motorteile und Autospiegel.       <\/p>\n<\/div>\n                                                    <\/div>\n                    <\/div>\n                    <div class=\"col-10 col-md-7 cbc__content-col\">\n                        \n                                    <div class=\"cbc__case-container\">\n                                        \n<a href=\"https:\/\/promatrix.nl\/de\/cases\/spg-arrk\/\" class=\"cbc__case\">\n\t<div class=\"cbc__case-image\" style=\"background-image: url(https:\/\/promatrix.nl\/wp-content\/uploads\/2021\/07\/SPG-kel-check-nog-even-of-we-deze-mogen-gebruiken-web-640x480.jpg);\">\n\t\t<h4 class=\"h4 cbc__case-title\">ARRK SPG<\/h4>\n\t\t<div class=\"cbc__case-read-more\">\n\t\t<div class=\"cbc__case-read-more-text\">Fall ansehen<\/div>\n\t\t<\/div>\n\t<\/div>\n<\/a>\n                                    <\/div>\n\n                                                <\/div>\n                <\/div>\n\n                <div class=\"row cbc__cases\">\n                    \n                            <div class=\"col-10 col-md-7 cbc__case-col\">\n                                <div class=\"cbc__case-container\">\n                                    \n<a href=\"https:\/\/promatrix.nl\/de\/cases\/diversey\/\" class=\"cbc__case\">\n\t<div class=\"cbc__case-image\" style=\"background-image: url(https:\/\/promatrix.nl\/wp-content\/uploads\/2021\/07\/Promatrix_Case_Diversey-640x480.jpg);\">\n\t\t<h4 class=\"h4 cbc__case-title\">Diversey<\/h4>\n\t\t<div class=\"cbc__case-read-more\">\n\t\t<div class=\"cbc__case-read-more-text\">Fall ansehen<\/div>\n\t\t<\/div>\n\t<\/div>\n<\/a>\n                                <\/div>\n                            <\/div>\n\n                                        <\/div>\n\n            <\/div>\n        <\/div>\n    <\/div>\n<\/section>\n\n<section class=\"cbc__related\">\n    <div class=\"container\">\n        <div class=\"row justify-content-center\">\n            <div class=\"col-10\">\n                <div class=\"row justify-content-between\">\n                    <div class=\"col-12 col-lg-auto\">\n                        <h2 class=\"h2 cbc__related-title\">Siehe auch:<\/h2>\n                    <\/div>\n                    <div class=\"col-12 col-lg-auto\">\n                                            <div class=\"cbc__buttons\">\n                                                            <a class=\"btn btn--transparent-white-border\" href=\"https:\/\/promatrix.nl\/de\/formenherstellung\/\">\n                                    Formen                                <\/a>\n                                                            <a class=\"btn btn--transparent-white-border\" href=\"https:\/\/promatrix.nl\/de\/spritzguss\/\">\n                                    Spritzguss                                <\/a>\n                                                            <a class=\"btn btn--transparent-white-border\" href=\"https:\/\/promatrix.nl\/de\/wer-wir-sind\/\">\n                                    Unsere Expertise                                <\/a>\n                                                    <\/div>\n                                        <\/div>\n                <\/div>\n            <\/div>\n        <\/div>\n    <\/div>\n<\/section>\n\n\n\n\n","protected":false},"excerpt":{"rendered":"","protected":false},"author":11,"featured_media":0,"parent":0,"menu_order":0,"comment_status":"closed","ping_status":"closed","template":"","meta":{"_acf_changed":false,"footnotes":""},"class_list":["post-1302","page","type-page","status-publish","hentry"],"acf":[],"yoast_head":"<!-- This site is optimized with the Yoast SEO plugin v27.5 - https:\/\/yoast.com\/product\/yoast-seo-wordpress\/ -->\n<title>Prototyping | Kunststof prototype laten ontwikkelen | Promatrix<\/title>\n<meta name=\"description\" content=\"Prototype laten ontwikkelen? Prototyping bij Promatrix. Kunststof productontwikkeling: van matrijsontwerp tot het plastic eindproduct.\" \/>\n<meta name=\"robots\" content=\"index, follow, max-snippet:-1, max-image-preview:large, max-video-preview:-1\" \/>\n<link rel=\"canonical\" href=\"https:\/\/promatrix.nl\/de\/prototyping\/\" \/>\n<meta property=\"og:locale\" content=\"de_DE\" \/>\n<meta property=\"og:type\" content=\"article\" \/>\n<meta property=\"og:title\" content=\"Prototyping | Kunststof prototype laten ontwikkelen | Promatrix\" \/>\n<meta property=\"og:description\" content=\"Prototype laten ontwikkelen? Prototyping bij Promatrix. Kunststof productontwikkeling: van matrijsontwerp tot het plastic eindproduct.\" \/>\n<meta property=\"og:url\" content=\"https:\/\/promatrix.nl\/de\/prototyping\/\" \/>\n<meta property=\"og:site_name\" content=\"Promatrix\" \/>\n<meta property=\"article:modified_time\" content=\"2023-07-21T16:47:21+00:00\" \/>\n<meta name=\"twitter:card\" content=\"summary_large_image\" \/>\n<script type=\"application\/ld+json\" class=\"yoast-schema-graph\">{\"@context\":\"https:\\\/\\\/schema.org\",\"@graph\":[{\"@type\":\"WebPage\",\"@id\":\"https:\\\/\\\/promatrix.nl\\\/de\\\/prototyping\\\/\",\"url\":\"https:\\\/\\\/promatrix.nl\\\/de\\\/prototyping\\\/\",\"name\":\"Prototyping | Kunststof prototype laten ontwikkelen | Promatrix\",\"isPartOf\":{\"@id\":\"https:\\\/\\\/promatrix.nl\\\/de\\\/#website\"},\"datePublished\":\"2021-07-22T12:02:27+00:00\",\"dateModified\":\"2023-07-21T16:47:21+00:00\",\"description\":\"Prototype laten ontwikkelen? Prototyping bij Promatrix. Kunststof productontwikkeling: van matrijsontwerp tot het plastic eindproduct.\",\"breadcrumb\":{\"@id\":\"https:\\\/\\\/promatrix.nl\\\/de\\\/prototyping\\\/#breadcrumb\"},\"inLanguage\":\"de\",\"potentialAction\":[{\"@type\":\"ReadAction\",\"target\":[\"https:\\\/\\\/promatrix.nl\\\/de\\\/prototyping\\\/\"]}]},{\"@type\":\"BreadcrumbList\",\"@id\":\"https:\\\/\\\/promatrix.nl\\\/de\\\/prototyping\\\/#breadcrumb\",\"itemListElement\":[{\"@type\":\"ListItem\",\"position\":1,\"name\":\"Home\",\"item\":\"https:\\\/\\\/promatrix.nl\\\/de\\\/\"},{\"@type\":\"ListItem\",\"position\":2,\"name\":\"Prototyping\"}]},{\"@type\":\"WebSite\",\"@id\":\"https:\\\/\\\/promatrix.nl\\\/de\\\/#website\",\"url\":\"https:\\\/\\\/promatrix.nl\\\/de\\\/\",\"name\":\"Promatrix\",\"description\":\"technisch in Form\",\"potentialAction\":[{\"@type\":\"SearchAction\",\"target\":{\"@type\":\"EntryPoint\",\"urlTemplate\":\"https:\\\/\\\/promatrix.nl\\\/de\\\/?s={search_term_string}\"},\"query-input\":{\"@type\":\"PropertyValueSpecification\",\"valueRequired\":true,\"valueName\":\"search_term_string\"}}],\"inLanguage\":\"de\"}]}<\/script>\n<!-- \/ Yoast SEO plugin. -->","yoast_head_json":{"title":"Prototyping | Kunststof prototype laten ontwikkelen | Promatrix","description":"Prototype laten ontwikkelen? Prototyping bij Promatrix. Kunststof productontwikkeling: van matrijsontwerp tot het plastic eindproduct.","robots":{"index":"index","follow":"follow","max-snippet":"max-snippet:-1","max-image-preview":"max-image-preview:large","max-video-preview":"max-video-preview:-1"},"canonical":"https:\/\/promatrix.nl\/de\/prototyping\/","og_locale":"de_DE","og_type":"article","og_title":"Prototyping | Kunststof prototype laten ontwikkelen | Promatrix","og_description":"Prototype laten ontwikkelen? Prototyping bij Promatrix. Kunststof productontwikkeling: van matrijsontwerp tot het plastic eindproduct.","og_url":"https:\/\/promatrix.nl\/de\/prototyping\/","og_site_name":"Promatrix","article_modified_time":"2023-07-21T16:47:21+00:00","twitter_card":"summary_large_image","schema":{"@context":"https:\/\/schema.org","@graph":[{"@type":"WebPage","@id":"https:\/\/promatrix.nl\/de\/prototyping\/","url":"https:\/\/promatrix.nl\/de\/prototyping\/","name":"Prototyping | Kunststof prototype laten ontwikkelen | Promatrix","isPartOf":{"@id":"https:\/\/promatrix.nl\/de\/#website"},"datePublished":"2021-07-22T12:02:27+00:00","dateModified":"2023-07-21T16:47:21+00:00","description":"Prototype laten ontwikkelen? Prototyping bij Promatrix. Kunststof productontwikkeling: van matrijsontwerp tot het plastic eindproduct.","breadcrumb":{"@id":"https:\/\/promatrix.nl\/de\/prototyping\/#breadcrumb"},"inLanguage":"de","potentialAction":[{"@type":"ReadAction","target":["https:\/\/promatrix.nl\/de\/prototyping\/"]}]},{"@type":"BreadcrumbList","@id":"https:\/\/promatrix.nl\/de\/prototyping\/#breadcrumb","itemListElement":[{"@type":"ListItem","position":1,"name":"Home","item":"https:\/\/promatrix.nl\/de\/"},{"@type":"ListItem","position":2,"name":"Prototyping"}]},{"@type":"WebSite","@id":"https:\/\/promatrix.nl\/de\/#website","url":"https:\/\/promatrix.nl\/de\/","name":"Promatrix","description":"technisch in Form","potentialAction":[{"@type":"SearchAction","target":{"@type":"EntryPoint","urlTemplate":"https:\/\/promatrix.nl\/de\/?s={search_term_string}"},"query-input":{"@type":"PropertyValueSpecification","valueRequired":true,"valueName":"search_term_string"}}],"inLanguage":"de"}]}},"_links":{"self":[{"href":"https:\/\/promatrix.nl\/de\/wp-json\/wp\/v2\/pages\/1302","targetHints":{"allow":["GET"]}}],"collection":[{"href":"https:\/\/promatrix.nl\/de\/wp-json\/wp\/v2\/pages"}],"about":[{"href":"https:\/\/promatrix.nl\/de\/wp-json\/wp\/v2\/types\/page"}],"author":[{"embeddable":true,"href":"https:\/\/promatrix.nl\/de\/wp-json\/wp\/v2\/users\/11"}],"replies":[{"embeddable":true,"href":"https:\/\/promatrix.nl\/de\/wp-json\/wp\/v2\/comments?post=1302"}],"version-history":[{"count":0,"href":"https:\/\/promatrix.nl\/de\/wp-json\/wp\/v2\/pages\/1302\/revisions"}],"wp:attachment":[{"href":"https:\/\/promatrix.nl\/de\/wp-json\/wp\/v2\/media?parent=1302"}],"curies":[{"name":"wp","href":"https:\/\/api.w.org\/{rel}","templated":true}]}}