{"id":1300,"date":"2021-07-22T11:51:30","date_gmt":"2021-07-22T11:51:30","guid":{"rendered":"https:\/\/promatrix.myobcommunicatie.nl\/spritzguss\/"},"modified":"2023-07-21T17:10:17","modified_gmt":"2023-07-21T17:10:17","slug":"spritzguss","status":"publish","type":"page","link":"https:\/\/promatrix.nl\/de\/spritzguss\/","title":{"rendered":"Spritzguss"},"content":{"rendered":"\n    <section class=\"cb cb__header-slider cbhs\">\n        <div class=\"cbhs__slides swiper-container\">\n            <div class=\"swiper-wrapper\">\n                                                            \n                        <div class=\"swiper-slide cbhs__slide\" style=\"background-image: url(https:\/\/promatrix.nl\/wp-content\/uploads\/2021\/10\/Promatrix-Spuitgieten-header-web.jpg);\">\n                            <div class=\"cbhs__container\">\n                                <div class=\"cbh__content cbhs__content\">\n                                                                        <h1 class=\"h1 cbh__title cbhs__title\">Spritzguss<\/h1>\n                                                                            <h3 class=\"h3 cbh__subtitle cbhs__subtitle\">Kunststoffteile in (kleineren) Serien herstellen lassen.<\/h3>\n                                                                                                                <div class=\"cbh__buttons cbhs__buttons\">\n                                            \n                                                <a class=\"btn btn--transparent-white-border\" href=\"https:\/\/promatrix.nl\/de\/spritzguss\/#spuitgieten-over-de-techniek\">\n                                                    \u00dcber Technologie                                                <\/a>\n                                            \n                                                <a class=\"btn btn--transparent-white-border\" href=\"https:\/\/promatrix.nl\/de\/spritzguss\/#spuitgieten-cases\">\n                                                    Beispiele                                                <\/a>\n                                                                                    <\/div>\n                                                                    <\/div>\n                            <\/div>\n                        <\/div>\n\n                                    \n            <\/div>\n            <!--div class=\"swiper-button swiper-button-next\"><\/!--div>\n        <div-- class=\"swiper-button swiper-button-prev\"><\/div-->\n        <\/div>\n            <\/section>\n\n\n\n\n<section id=\"spuitgieten-voordelen\" class=\"cb cb__text-advantages cbta \">\n    <div class=\"container \">\n        <div class=\"row justify-content-between\">\n            <div class=\"col-12 col-md-6 cbta__content-col\">\n                                <h2 class=\"h2 cbta__title mb-m\">Kunststoffspritzguss in beliebiger Form.<\/h2>\n                            \n                <div class=\"cbta__content\">\n                    <div class=\"cbta__text\"><p>Der Kunststoffspritzguss (engl. Plastic Injection Moulding) wird in der eigenen <strong>Spritzgussanlage<\/strong> von Promatrix in den Niederlanden durchgef\u00fchrt. Wir beherrschen verschiedene <strong>Spritzgusstechniken<\/strong>: Hochdruck-Spritzguss, Spritzguss mit Gasinjektion, 2K-Spritzguss, Thermoplastischer Schaumguss (TSG) und das Umspritzen von verschiedenen Metall- oder Kunststoffteilen. Sie m\u00f6chten Produkte in <strong>kleinen Serien<\/strong> <strong>spritzgie\u00dfen<\/strong> lassen? Kein Problem! Promatrix ist immer die richtige Adresse.    <\/p>\n<\/div>\n                                            <div class=\"cbta__buttons pt-s\">\n                                                            <a class=\"btn btn--bg-blue\" href=\"https:\/\/promatrix.nl\/de\/spritzguss\/#spuitgieten-cases\">\n                                    Unsere Fallbeispiele                                <\/a>\n                                \n                                                            <a class=\"btn btn--transparent-blue\" href=\"https:\/\/promatrix.nl\/de\/die-profis-von-promatrix\/#expertise\">\n                                    Unsere Expertise                                <\/a>\n                                \n                                                    <\/div>\n                                    <\/div>\n            <\/div>\n            <div class=\"col-12 col-md-6 cbta__advantages\">\n                <div class=\"cbta__advantages-col p-l\">\n                                        <h2 class=\"h2 cbta__title mb-m\">Die Vorteile von Spritzguss bei Promatrix<br \/>\r\n<\/h2>\n                                                                                        <div class=\"cbta__advantages-items\">\n                            \n                            <div class=\"cbta__advantages-item cbta__advantages-item-0 js-cbta__advantages-item\">\n                                <h4 class=\"h4 cbta__advantages-title\">Hochwertige Kunststoffteile zum g\u00fcnstigen Preis<\/h4>\n                                <div class=\"cbta__advantages-text\"><p>Promatrix ist komplett auf die Produktion von Produkten in kleinen Serien ausgelegt. Dazu verwenden wir Aluminiumformen (die wir selbst herstellen) oder Stahlformen. Die Auswahl der Form treffen wir gemeinsam mit Ihnen auf der Grundlage der gestellten Anforderungen. Die Kosten h\u00e4ngen von der Vorgehensweise und dem Auftragsumfang ab. In einem unverbindlichen Angebot gehen wir diese Anforderungen im Detail mit Ihnen durch.    <\/p>\n<\/div>\n                            <\/div>\n\n                                                        \n                            <div class=\"cbta__advantages-item cbta__advantages-item-1 js-cbta__advantages-item\">\n                                <h4 class=\"h4 cbta__advantages-title\">Der beste Partner f\u00fcr Spritzguss bis zu 25.000 St\u00fcck <\/h4>\n                                <div class=\"cbta__advantages-text\"><p>Promatrix ist seit mehr als 25 Jahren als Spritzgussunternehmen t\u00e4tig und stellt seine eigenen Formen her. Wir freuen uns darauf, unser Wissen und unsere Erfahrung f\u00fcr Sie einsetzen zu k\u00f6nnen. Und da wir alles im eigenen Werk herstellen, k\u00f6nnen wir schnell und flexibel reagieren.   <\/p>\n<\/div>\n                            <\/div>\n\n                                                        \n                            <div class=\"cbta__advantages-item cbta__advantages-item-2 js-cbta__advantages-item\">\n                                <h4 class=\"h4 cbta__advantages-title\">Schnelle Markteinf\u00fchrung<\/h4>\n                                <div class=\"cbta__advantages-text\"><p>Von der Entwicklung \u00fcber die Produktion bis hin zum Spritzguss selbst haben wir den gesamten Prozess in der Hand und k\u00f6nnen alles im eigenen Werk erledigen. So k\u00f6nnen wir kleinere Formen in weniger als vier Wochen liefern. F\u00fcr gro\u00dfe Formen oder komplette Pakete betr\u00e4gt die Bearbeitungszeit etwa acht Wochen.  <\/p>\n<\/div>\n                            <\/div>\n\n                                                        \n                            <div class=\"cbta__advantages-item cbta__advantages-item-3 js-cbta__advantages-item\">\n                                <h4 class=\"h4 cbta__advantages-title\">Spritzguss aller g\u00e4ngigen Materialien<\/h4>\n                                <div class=\"cbta__advantages-text\"><p>In unserer Spritzgusswerkstatt arbeiten wir mit allen g\u00e4ngigen Materialien. So verarbeiten wir u. a. ABS, PC, ASA, PP, PE, PS, PA, POM, TPE und TPU. Auch Materialien mit Zus\u00e4tzen wie Glas, Schaum (Treibmittel) oder Talkum sind m\u00f6glich.  <\/p>\n<\/div>\n                            <\/div>\n\n                                                                                <\/div>\n                                    <\/div>\n            <\/div>\n        <\/div>\n    <\/div>\n<\/section>\n\n\n\n\n    <section id=\"spuitgieten-over-de-techniek\" class=\"cb cb__technic cbtech\">\n        <div class=\"supertitle cbtech__supertitle\">Die Technologie<br \/>\r\n<\/div>\n        <div class=\"container\">\n                            \n                    <div class=\"row justify-content-center mb-l\">\n                        <div class=\"col-12 col-md-5\">\n                            <div class=\"cbtech__image-col\">\n                                <img decoding=\"async\" class=\"cbtech__image\" src=\"https:\/\/promatrix.nl\/wp-content\/uploads\/2021\/09\/Promatrix_Spuitgieten_materiaal_kunststofkorrels-1280x720.jpg\" alt=\"\">\n                            <\/div>\n                        <\/div>\n                        <div class=\"col-12 col-md-5\">\n                            <div class=\"cbtech__content\">\n                                <h3 class=\"h3 cbtech__title\">Hochdruck-Spritzguss<\/h3>\n                                <div class=\"cbtech__text\"><p>Hochdruck-Spritzguss ist eine Technik, bei der Kunststoff mit hohem Druck in die Form gespritzt wird. Diese Technik eignet sich f\u00fcr Produkte mit einer Wandst\u00e4rke bis maximal 5 mm. Promatrix gie\u00dft Kunststoffprodukte mit einer L\u00e4nge von bis zu 2 Metern. Der zu verarbeitende Kunststoff wird als Granulat in die Maschine gegeben. Eine Schraube dr\u00fcckt das Kunststoffgranulat nach vorne. Durch die Reibung entsteht Hitze, die das Granulat zum Schmelzen bringt. Die fl\u00fcssige Kunststoffmasse wird unter Hochdruck in eine gek\u00fchlte Form gespritzt. Nach dem Abk\u00fchlen wird die Form ge\u00f6ffnet und das Produkt kann aus der Form genommen werden.  <\/p>\n<\/div>\n                                                                    <div class=\"cbtech__buttons cbhtech__buttons pt-4\">\n                                        \n                                                                                            <a class=\"btn btn--bg-blue\" href=\"https:\/\/promatrix.nl\/de\/qa-engineer-spuitgieterij\/\">\n                                                    entdecke mehr                                                <\/a>\n                                                                                                                        <\/div>\n                                                            <\/div>\n                        <\/div>\n\n                    <\/div>\n\n                \n                    <div class=\"row justify-content-center mb-l\">\n                        <div class=\"col-12 col-md-5\">\n                            <div class=\"cbtech__image-col\">\n                                <img decoding=\"async\" class=\"cbtech__image\" src=\"https:\/\/promatrix.nl\/wp-content\/uploads\/2021\/09\/Promatrix_spuitgieten_kunststofproductenserie-1280x720.jpg\" alt=\"\">\n                            <\/div>\n                        <\/div>\n                        <div class=\"col-12 col-md-5\">\n                            <div class=\"cbtech__content\">\n                                <h3 class=\"h3 cbtech__title\">Spritzguss mit Gasinjektion<\/h3>\n                                <div class=\"cbtech__text\"><p>Bei der Gasinjektion handelt es sich um eine Technik zur Herstellung von hohlen oder teilweise hohlen Kunststoffprodukten. Bei diesem Verfahren werden Kunststoff und Stickstoff verwendet. W\u00e4hrend des Spritzgussverfahrens wird Stickstoff in die Form eingespritzt. Das Gas dr\u00fcckt den Kunststoff an die W\u00e4nde der Form, wo er abk\u00fchlt. Der innere Kern ist noch fl\u00fcssig und wird vom Stickstoff verdr\u00e4ngt, wodurch ein Hohlraum entsteht. Anschlie\u00dfend wird der Stickstoff wieder freigesetzt. Aufgrund seiner Form ist das Hohlprodukt sehr stabil und die Produktionszeit wird nicht beeintr\u00e4chtigt.<\/p>\n<\/div>\n                                                            <\/div>\n                        <\/div>\n\n                    <\/div>\n\n                \n                    <div class=\"row justify-content-center mb-l\">\n                        <div class=\"col-12 col-md-5\">\n                            <div class=\"cbtech__image-col\">\n                                <img decoding=\"async\" class=\"cbtech__image\" src=\"https:\/\/promatrix.nl\/wp-content\/uploads\/2021\/07\/Gasinjectie-1280x853.jpg\" alt=\"\">\n                            <\/div>\n                        <\/div>\n                        <div class=\"col-12 col-md-5\">\n                            <div class=\"cbtech__content\">\n                                <h3 class=\"h3 cbtech__title\">2K Spritzguss<\/h3>\n                                <div class=\"cbtech__text\"><p>Beim Zwei-Komponenten-Spritzguss werden zwei oder mehr Kunststoffmaterialien zu einem einzigen Produkt verarbeitet. Wir spritzen zun\u00e4chst das erste Material in den Hohlraum ein. Anschlie\u00dfend wird die Form des Hohlraums ver\u00e4ndert und wir spritzen das zweite Material ein. Mit dieser Technik stellen wir Kombinationen aus harten und weichen Kunststoffen her.   <\/p>\n<\/div>\n                                                            <\/div>\n                        <\/div>\n\n                    <\/div>\n\n                \n                    <div class=\"row justify-content-center mb-l\">\n                        <div class=\"col-12 col-md-5\">\n                            <div class=\"cbtech__image-col\">\n                                <img decoding=\"async\" class=\"cbtech__image\" src=\"https:\/\/promatrix.nl\/wp-content\/uploads\/2021\/07\/Promatrix_spuitgieten_kunststofproducten_lopendeband-1-1280x720.jpg\" alt=\"\">\n                            <\/div>\n                        <\/div>\n                        <div class=\"col-12 col-md-5\">\n                            <div class=\"cbtech__content\">\n                                <h3 class=\"h3 cbtech__title\">Thermoplastischer Schaumguss (TSG)<\/h3>\n                                <div class=\"cbtech__text\"><p>Bei dickwandigen Produkten ist es m\u00f6glich, dem Material einen Schaum (auch Treibmittel genannt) beizumischen. Dadurch dehnt sich der Kunststoff in der Form aus. Mit dieser Technik k\u00f6nnen dickwandige Produkte hergestellt werden. Da die Au\u00dfenseite prozessbedingt oftmals weniger homogen in der Farbe ist, werden diese Teile h\u00e4ufig lackiert.   <\/p>\n<\/div>\n                                                            <\/div>\n                        <\/div>\n\n                    <\/div>\n\n                                    <\/div>\n    <\/section>\n\n\n\n\n\n<section id=\"spuitgieten-cases\" class=\"cb cb__cases cbc\">\n    <div class=\"container cbc__container\">\n        <div class=\"row justify-content-center\">\n            <div class=\"col-12 col-md-10\">\n\n                <div class=\"row justify-content-between cbc__content-row\">\n                    <div class=\"col-12 col-md-10 mb-md-5 mt-md-5 col-lg-5 col-4 cbc__content-col\">\n                        <div class=\"cbc__content\">\n                            <h2 class=\"h2 cbc__content-title mb-s\">Branchen &amp; Beispiele<\/h2>\n                            <div class=\"cbc__content-text\"><p>Promatrix stellt Kunststoffprodukte und -komponenten f\u00fcr verschiedene Branchen her, u. a. f\u00fcr den Maschinen- und Anlagenbau und den Agrarsektor. <\/p>\n<\/div>\n                                                    <\/div>\n                    <\/div>\n                    <div class=\"col-10 col-md-7 cbc__content-col\">\n                        \n                                    <div class=\"cbc__case-container\">\n                                        \n<a href=\"https:\/\/promatrix.nl\/de\/cases\/mci\/\" class=\"cbc__case\">\n\t<div class=\"cbc__case-image\" style=\"background-image: url(https:\/\/promatrix.nl\/wp-content\/uploads\/2021\/07\/Promatrix_Case_MCI-640x480.jpg);\">\n\t\t<h4 class=\"h4 cbc__case-title\">MCI<\/h4>\n\t\t<div class=\"cbc__case-read-more\">\n\t\t<div class=\"cbc__case-read-more-text\">Fall ansehen<\/div>\n\t\t<\/div>\n\t<\/div>\n<\/a>\n                                    <\/div>\n\n                                                <\/div>\n                <\/div>\n\n                <div class=\"row cbc__cases\">\n                    \n                            <div class=\"col-10 col-md-7 cbc__case-col\">\n                                <div class=\"cbc__case-container\">\n                                    \n<a href=\"https:\/\/promatrix.nl\/de\/cases\/rolflex\/\" class=\"cbc__case\">\n\t<div class=\"cbc__case-image\" style=\"background-image: url(https:\/\/promatrix.nl\/wp-content\/uploads\/2021\/07\/Promatrix_Case_spuitgieten-1-640x480.jpg);\">\n\t\t<h4 class=\"h4 cbc__case-title\">Rolflex<\/h4>\n\t\t<div class=\"cbc__case-read-more\">\n\t\t<div class=\"cbc__case-read-more-text\">Fall ansehen<\/div>\n\t\t<\/div>\n\t<\/div>\n<\/a>\n                                <\/div>\n                            <\/div>\n\n                                        <\/div>\n\n            <\/div>\n        <\/div>\n    <\/div>\n<\/section>\n\n<section class=\"cbc__related\">\n    <div class=\"container\">\n        <div class=\"row justify-content-center\">\n            <div class=\"col-10\">\n                <div class=\"row justify-content-between\">\n                    <div class=\"col-12 col-lg-auto\">\n                        <h2 class=\"h2 cbc__related-title\">Siehe auch:<\/h2>\n                    <\/div>\n                    <div class=\"col-12 col-lg-auto\">\n                                            <div class=\"cbc__buttons\">\n                                                            <a class=\"btn btn--transparent-white-border\" href=\"https:\/\/promatrix.nl\/de\/spritzguss\/\">\n                                    Spritzguss                                <\/a>\n                                                            <a class=\"btn btn--transparent-white-border\" href=\"https:\/\/promatrix.nl\/de\/prototyping\/\">\n                                    Prototyping                                <\/a>\n                                                            <a class=\"btn btn--transparent-white-border\" href=\"https:\/\/promatrix.nl\/de\/wer-wir-sind\/\">\n                                    Unsere Expertise                                <\/a>\n                                                    <\/div>\n                                        <\/div>\n                <\/div>\n            <\/div>\n        <\/div>\n    <\/div>\n<\/section>\n\n\n\n\n","protected":false},"excerpt":{"rendered":"","protected":false},"author":11,"featured_media":0,"parent":0,"menu_order":0,"comment_status":"closed","ping_status":"closed","template":"","meta":{"_acf_changed":false,"footnotes":""},"class_list":["post-1300","page","type-page","status-publish","hentry"],"acf":[],"yoast_head":"<!-- This site is optimized with the Yoast SEO plugin v27.2 - https:\/\/yoast.com\/product\/yoast-seo-wordpress\/ -->\n<title>Spuitgieten | Eigen Kunststof Spuitgieterij | Promatrix<\/title>\n<meta name=\"description\" content=\"Kunststof Spuitgieten, ook wel plastic injection moulding, in eigen spuitgieterij van Promatrix. Wij maken kunststof producten in kleine series.\" \/>\n<meta name=\"robots\" content=\"index, follow, max-snippet:-1, max-image-preview:large, max-video-preview:-1\" \/>\n<link rel=\"canonical\" href=\"https:\/\/promatrix.nl\/de\/spritzguss\/\" \/>\n<meta property=\"og:locale\" content=\"de_DE\" \/>\n<meta property=\"og:type\" content=\"article\" \/>\n<meta property=\"og:title\" content=\"Spuitgieten | Eigen Kunststof Spuitgieterij | Promatrix\" \/>\n<meta property=\"og:description\" content=\"Kunststof Spuitgieten, ook wel plastic injection moulding, in eigen spuitgieterij van Promatrix. Wij maken kunststof producten in kleine series.\" \/>\n<meta property=\"og:url\" content=\"https:\/\/promatrix.nl\/de\/spritzguss\/\" \/>\n<meta property=\"og:site_name\" content=\"Promatrix\" \/>\n<meta property=\"article:modified_time\" content=\"2023-07-21T17:10:17+00:00\" \/>\n<meta name=\"twitter:card\" content=\"summary_large_image\" \/>\n<script type=\"application\/ld+json\" class=\"yoast-schema-graph\">{\"@context\":\"https:\/\/schema.org\",\"@graph\":[{\"@type\":\"WebPage\",\"@id\":\"https:\/\/promatrix.nl\/de\/spritzguss\/\",\"url\":\"https:\/\/promatrix.nl\/de\/spritzguss\/\",\"name\":\"Spuitgieten | Eigen Kunststof Spuitgieterij | Promatrix\",\"isPartOf\":{\"@id\":\"https:\/\/promatrix.nl\/de\/#website\"},\"datePublished\":\"2021-07-22T11:51:30+00:00\",\"dateModified\":\"2023-07-21T17:10:17+00:00\",\"description\":\"Kunststof Spuitgieten, ook wel plastic injection moulding, in eigen spuitgieterij van Promatrix. Wij maken kunststof producten in kleine series.\",\"breadcrumb\":{\"@id\":\"https:\/\/promatrix.nl\/de\/spritzguss\/#breadcrumb\"},\"inLanguage\":\"de\",\"potentialAction\":[{\"@type\":\"ReadAction\",\"target\":[\"https:\/\/promatrix.nl\/de\/spritzguss\/\"]}]},{\"@type\":\"BreadcrumbList\",\"@id\":\"https:\/\/promatrix.nl\/de\/spritzguss\/#breadcrumb\",\"itemListElement\":[{\"@type\":\"ListItem\",\"position\":1,\"name\":\"Home\",\"item\":\"https:\/\/promatrix.nl\/de\/\"},{\"@type\":\"ListItem\",\"position\":2,\"name\":\"Spritzguss\"}]},{\"@type\":\"WebSite\",\"@id\":\"https:\/\/promatrix.nl\/de\/#website\",\"url\":\"https:\/\/promatrix.nl\/de\/\",\"name\":\"Promatrix\",\"description\":\"technisch in Form\",\"potentialAction\":[{\"@type\":\"SearchAction\",\"target\":{\"@type\":\"EntryPoint\",\"urlTemplate\":\"https:\/\/promatrix.nl\/de\/?s={search_term_string}\"},\"query-input\":{\"@type\":\"PropertyValueSpecification\",\"valueRequired\":true,\"valueName\":\"search_term_string\"}}],\"inLanguage\":\"de\"}]}<\/script>\n<!-- \/ Yoast SEO plugin. -->","yoast_head_json":{"title":"Spuitgieten | Eigen Kunststof Spuitgieterij | Promatrix","description":"Kunststof Spuitgieten, ook wel plastic injection moulding, in eigen spuitgieterij van Promatrix. Wij maken kunststof producten in kleine series.","robots":{"index":"index","follow":"follow","max-snippet":"max-snippet:-1","max-image-preview":"max-image-preview:large","max-video-preview":"max-video-preview:-1"},"canonical":"https:\/\/promatrix.nl\/de\/spritzguss\/","og_locale":"de_DE","og_type":"article","og_title":"Spuitgieten | Eigen Kunststof Spuitgieterij | Promatrix","og_description":"Kunststof Spuitgieten, ook wel plastic injection moulding, in eigen spuitgieterij van Promatrix. Wij maken kunststof producten in kleine series.","og_url":"https:\/\/promatrix.nl\/de\/spritzguss\/","og_site_name":"Promatrix","article_modified_time":"2023-07-21T17:10:17+00:00","twitter_card":"summary_large_image","schema":{"@context":"https:\/\/schema.org","@graph":[{"@type":"WebPage","@id":"https:\/\/promatrix.nl\/de\/spritzguss\/","url":"https:\/\/promatrix.nl\/de\/spritzguss\/","name":"Spuitgieten | Eigen Kunststof Spuitgieterij | Promatrix","isPartOf":{"@id":"https:\/\/promatrix.nl\/de\/#website"},"datePublished":"2021-07-22T11:51:30+00:00","dateModified":"2023-07-21T17:10:17+00:00","description":"Kunststof Spuitgieten, ook wel plastic injection moulding, in eigen spuitgieterij van Promatrix. Wij maken kunststof producten in kleine series.","breadcrumb":{"@id":"https:\/\/promatrix.nl\/de\/spritzguss\/#breadcrumb"},"inLanguage":"de","potentialAction":[{"@type":"ReadAction","target":["https:\/\/promatrix.nl\/de\/spritzguss\/"]}]},{"@type":"BreadcrumbList","@id":"https:\/\/promatrix.nl\/de\/spritzguss\/#breadcrumb","itemListElement":[{"@type":"ListItem","position":1,"name":"Home","item":"https:\/\/promatrix.nl\/de\/"},{"@type":"ListItem","position":2,"name":"Spritzguss"}]},{"@type":"WebSite","@id":"https:\/\/promatrix.nl\/de\/#website","url":"https:\/\/promatrix.nl\/de\/","name":"Promatrix","description":"technisch in Form","potentialAction":[{"@type":"SearchAction","target":{"@type":"EntryPoint","urlTemplate":"https:\/\/promatrix.nl\/de\/?s={search_term_string}"},"query-input":{"@type":"PropertyValueSpecification","valueRequired":true,"valueName":"search_term_string"}}],"inLanguage":"de"}]}},"_links":{"self":[{"href":"https:\/\/promatrix.nl\/de\/wp-json\/wp\/v2\/pages\/1300","targetHints":{"allow":["GET"]}}],"collection":[{"href":"https:\/\/promatrix.nl\/de\/wp-json\/wp\/v2\/pages"}],"about":[{"href":"https:\/\/promatrix.nl\/de\/wp-json\/wp\/v2\/types\/page"}],"author":[{"embeddable":true,"href":"https:\/\/promatrix.nl\/de\/wp-json\/wp\/v2\/users\/11"}],"replies":[{"embeddable":true,"href":"https:\/\/promatrix.nl\/de\/wp-json\/wp\/v2\/comments?post=1300"}],"version-history":[{"count":0,"href":"https:\/\/promatrix.nl\/de\/wp-json\/wp\/v2\/pages\/1300\/revisions"}],"wp:attachment":[{"href":"https:\/\/promatrix.nl\/de\/wp-json\/wp\/v2\/media?parent=1300"}],"curies":[{"name":"wp","href":"https:\/\/api.w.org\/{rel}","templated":true}]}}