{"id":1290,"date":"2021-06-28T08:37:02","date_gmt":"2021-06-28T08:37:02","guid":{"rendered":"https:\/\/promatrix.myobcommunicatie.nl\/home\/"},"modified":"2024-02-29T15:10:24","modified_gmt":"2024-02-29T15:10:24","slug":"home","status":"publish","type":"page","link":"https:\/\/promatrix.nl\/de\/","title":{"rendered":"Home"},"content":{"rendered":"\n    <section class=\"cb cb__header-slider cbhs\">\n        <div class=\"cbhs__slides swiper-container\">\n            <div class=\"swiper-wrapper\">\n                                                            \n                        <div class=\"swiper-slide cbhs__slide\" style=\"background-image: url(https:\/\/promatrix.nl\/wp-content\/uploads\/2021\/06\/header-homepage.jpg);\">\n                            <div class=\"cbhs__container\">\n                                <div class=\"cbh__content cbhs__content\">\n                                                                        <h1 class=\"h1 cbh__title cbhs__title\">Wir stellen Kunststoff-Spritzgussprodukte her.<\/h1>\n                                                                            <h3 class=\"h3 cbh__subtitle cbhs__subtitle\">Aluminium-Formenherstellung &amp; Kunststoffspritzguss unter einem Dach<\/h3>\n                                                                                                                <div class=\"cbh__buttons cbhs__buttons\">\n                                            \n                                                <a class=\"btn btn--transparent-white-border\" href=\"https:\/\/promatrix.nl\/de\/formenherstellung\/\">\n                                                    Formen &gt;                                                <\/a>\n                                            \n                                                <a class=\"btn btn--transparent-white-border\" href=\"https:\/\/promatrix.nl\/de\/spritzguss\/\">\n                                                    Spritzguss &gt;                                                <\/a>\n                                            \n                                                <a class=\"btn btn--transparent-white-border\" href=\"https:\/\/promatrix.nl\/de\/prototyping\/\">\n                                                    Prototyping &gt;                                                <\/a>\n                                                                                    <\/div>\n                                                                    <\/div>\n                            <\/div>\n                        <\/div>\n\n                                    \n            <\/div>\n            <!--div class=\"swiper-button swiper-button-next\"><\/!--div>\n        <div-- class=\"swiper-button swiper-button-prev\"><\/div-->\n        <\/div>\n                    <a href=\"#Einleitung\" class=\"header-arrow\">\n                Entdecken Sie Promatrix            <\/a>\n            <\/section>\n\n\n\n\n<section id=\"Einleitung\" class=\"cb cb__text-image cbti cbti--left\">\n    <div class=\"container cbti__watermark p-xl\">\n        <div class=\"row justify-content-between\">\n            <div class=\"col-12 col-md-5 cbti__image-col\">\n                                <img decoding=\"async\" src=\"https:\/\/promatrix.nl\/wp-content\/uploads\/2021\/07\/Promatrix_Home_MatrijzenenSpuitgieten.jpg\" alt=\"Afbeelding die de tekst ondersteund\">\n                            <\/div>\n            <div class=\"col-12 col-md-6 cbti__content-col\">\n                                <h2 class=\"h2 cbti__title mb-m\">Ein kompetenter Partner in der Kunststoffproduktion.<\/h2>\n                                <div class=\"cbti__content\">\n                    <div class=\"cbti__text\"><p><strong>Fertigung ist unsere gro\u00dfe Leidenschaft. Unsere Dienstleistungen reichen vom <a href=\"https:\/\/promatrix.nl\/de\/spritzguss\/\">Spritzguss<\/a> von Kunststoffteilen bis zur Herstellung von <a href=\"https:\/\/promatrix.nl\/de\/prototyping\/\">Prototypen<\/a> und <a href=\"https:\/\/promatrix.nl\/de\/formenherstellung\/\">Aluminiumformen<\/a>. All dies geschieht unter einem Dach im Herzen der Niederlande.<\/strong><\/p>\n<p>Ob Prototyping oder Serienproduktion\u00a0\u2013 wir nehmen alles selbst in die Hand und begleiten den gesamten Prozess vom Entwurf bis zum Endprodukt. In der Fertigung hochwertiger Kunststoffteile kommt unser umfassendes Know-how zur Anwendung. Mit mehr als 25\u00a0Jahren Erfahrung ist Promatrix ein kompetenter Partner, der in jedem Arbeitsschritt vom ersten Entwurf bis zur Umsetzung mitdenkt. Dabei gew\u00e4hrleisten wir eine m\u00f6glichst kurze Bearbeitungszeit und halten die Investitionskosten niedrig.<\/p>\n<\/div>\n                                            <div class=\"cbti__buttons\">\n                                                            <a class=\"btn btn--bg-blue\" href=\"https:\/\/promatrix.nl\/de\/de-pros-van-promatrix\/\">\n                                    Weitere Informationen \u00fcber Promatrix                                <\/a>\n                                                            <a class=\"btn btn--transparent-blue\" href=\"https:\/\/promatrix.nl\/de\/wer-wir-sind\/\">\n                                    Unsere Expertise                                <\/a>\n                                                    <\/div>\n                                    <\/div>\n            <\/div>\n        <\/div>\n    <\/div>\n<\/section>\n\n\n\n\n<section id=\"\" class=\"cb cb__reference cbr\">\n    <div class=\"container\">\n        <div class=\"row\">\n            <div class=\"col-12 col-md-6\">\n                <div class=\"cbr__content\">\n                    <div class=\"cbr__quote\">\u201cKurze Kommunikationswege und schnelle Reaktionszeiten erm\u00f6glichen einen reibungslosen Ablauf der Evaluierung und des technischen Prozesses.\u201c<\/div>\n                    <div class=\"cbr__name\">&#8211; MCI<\/div>\n                                            <div class=\"cbr__buttons pt-m\">\n                                                            <a class=\"btn btn--bg-blue\" href=\"https:\/\/promatrix.nl\/de\/cases\/mci\/\">\n                                    Weiterlesen                                <\/a>\n                                                    <\/div>\n                                    <\/div>\n            <\/div>\n        <\/div>\n    <\/div>\n<\/section>\n\n\n\n\n\n    <section id=\"\" class=\"cb cb__case-slider cbcs cbcs__no-margin\">\n        <div class=\"container\">\n            <div class=\"row justify-content-center\">\n                <div class=\"col-auto\">\n                    <div class=\"related-cases__titles\">\n                        <h2 class=\"h2 related-cases__title\">\n                            Beispiele f\u00fcr unsere Kunststoffprodukte.<br \/>\r\n                        <\/h2>\n                        <div class=\"related-cases__subtitle\">Einige unserer Projekte:<\/div>\n                    <\/div>\n                <\/div>\n            <\/div>\n        <\/div>\n        <div class=\"container--fw\">\n            <div class=\"row no-gutters\">\n                <div class=\"col-12\">\n                    <div class=\"cbcs__slides swiper-container\">\n                        <div class=\"swiper-wrapper\">\n\n                            \n                                    \n<a href=\"https:\/\/promatrix.nl\/de\/cases\/holmatro\/\" class=\"swiper-slide cbcs__slide\">\n\t<div class=\"cbcs__image\" style=\"background-image: url(https:\/\/promatrix.nl\/wp-content\/uploads\/2021\/10\/Holmatro2-640x480.jpg);\">\n\t\t<h5 class=\"h5 cbcs__title\">Holmatro<\/h5>\n\t\t<div class=\"cbcs__read-more\">\n\t\t\t<div class=\"cbcs__read-more-text\">Fall ansehen<\/div>\n\t\t<\/div>\n\t<\/div>\n<\/a>\n\n                            \n                                    \n<a href=\"https:\/\/promatrix.nl\/de\/cases\/diversey\/\" class=\"swiper-slide cbcs__slide\">\n\t<div class=\"cbcs__image\" style=\"background-image: url(https:\/\/promatrix.nl\/wp-content\/uploads\/2021\/07\/Promatrix_Case_Diversey-640x480.jpg);\">\n\t\t<h5 class=\"h5 cbcs__title\">Diversey<\/h5>\n\t\t<div class=\"cbcs__read-more\">\n\t\t\t<div class=\"cbcs__read-more-text\">Fall ansehen<\/div>\n\t\t<\/div>\n\t<\/div>\n<\/a>\n\n                            \n                                    \n<a href=\"https:\/\/promatrix.nl\/de\/cases\/mci\/\" class=\"swiper-slide cbcs__slide\">\n\t<div class=\"cbcs__image\" style=\"background-image: url(https:\/\/promatrix.nl\/wp-content\/uploads\/2021\/07\/Promatrix_Case_MCI-640x480.jpg);\">\n\t\t<h5 class=\"h5 cbcs__title\">MCI<\/h5>\n\t\t<div class=\"cbcs__read-more\">\n\t\t\t<div class=\"cbcs__read-more-text\">Fall ansehen<\/div>\n\t\t<\/div>\n\t<\/div>\n<\/a>\n\n                            \n                                    \n<a href=\"https:\/\/promatrix.nl\/de\/cases\/rolflex\/\" class=\"swiper-slide cbcs__slide\">\n\t<div class=\"cbcs__image\" style=\"background-image: url(https:\/\/promatrix.nl\/wp-content\/uploads\/2021\/07\/Promatrix_Case_spuitgieten-1-640x480.jpg);\">\n\t\t<h5 class=\"h5 cbcs__title\">Rolflex<\/h5>\n\t\t<div class=\"cbcs__read-more\">\n\t\t\t<div class=\"cbcs__read-more-text\">Fall ansehen<\/div>\n\t\t<\/div>\n\t<\/div>\n<\/a>\n\n                            \n                                    \n<a href=\"https:\/\/promatrix.nl\/de\/cases\/spg-arrk\/\" class=\"swiper-slide cbcs__slide\">\n\t<div class=\"cbcs__image\" style=\"background-image: url(https:\/\/promatrix.nl\/wp-content\/uploads\/2021\/07\/SPG-kel-check-nog-even-of-we-deze-mogen-gebruiken-web-640x480.jpg);\">\n\t\t<h5 class=\"h5 cbcs__title\">ARRK SPG<\/h5>\n\t\t<div class=\"cbcs__read-more\">\n\t\t\t<div class=\"cbcs__read-more-text\">Fall ansehen<\/div>\n\t\t<\/div>\n\t<\/div>\n<\/a>\n\n                            \n\n                        <\/div>\n                        <div class=\"swiper-button swiper-button-next cbcs__nav-btn cbcs__nav-next\"><\/div>\n                        <div class=\"swiper-button swiper-button-prev cbcs__nav-btn cbcs__nav-prev\"><\/div>\n                    <\/div>\n                <\/div>\n            <\/div>\n        <\/div>\n    <\/section>\n\n\n\n\n\n<section id=\"\" class=\"cb cb__text-quote cbtq\">\n    <div class=\"container p-xl\">\n        <div class=\"row justify-content-between\">\n            <div class=\"col-12 col-md-6 cbtq__content-col\">\n                <div class=\"cbtq__content\">\n                    <h2 class=\"h2 cbtq__title pb-m\" data-mh=\"cbtq__title\">Seit \u00fcber 25 Jahren technisch in Form <\/h2>\n                    <div class=\"cbtq__text\"><p>1995 wurde Promatrix in Zegveld in der Provinz Utrecht gegr\u00fcndet. Wir waren eines der ersten Unternehmen, das Aluminiumformen f\u00fcr den Spritzguss von Kunststoffprodukten entwickelte. Auch heute sind Formenherstellung und Spritzguss noch unsere Schwerpunkte. Unser Dienstleistungsangebot haben wir jedoch erheblich ausgebaut. Unser 40-k\u00f6pfiges Team stellt sich tagt\u00e4glich neuen technischen Herausforderungen.   <\/p>\n<p>Zurzeit verf\u00fcgen wir \u00fcber dreizehn CNC-Fr\u00e4smaschinen und unser Maschinenpark wird st\u00e4ndig optimiert und erweitert. Wir entwickeln uns fortlaufend weiter, um neuen Marktanforderungen gerecht zu werden. Au\u00dferdem wissen wir genau, was wir k\u00f6nnen. Durch langj\u00e4hrige Erfahrung kennen wir s\u00e4mtliche Produkte und Prozesse in- und auswendig und k\u00f6nnen daher effizient, sicher und schnell produzieren.    <\/p>\n<\/div>\n                                            <div class=\"cbtq__buttons pt-m\">\n                                                            <a class=\"btn btn--bg-blue\" href=\"https:\/\/promatrix.nl\/de\/prototyping\/#prototyping-over-het-proces\">\n                                    Der Prozess                                <\/a>\n                                                            <a class=\"btn btn--transparent-white\" href=\"https:\/\/promatrix.nl\/de\/wer-wir-sind\/\">\n                                    Unsere Expertise                                <\/a>\n                                                    <\/div>\n                                    <\/div>\n            <\/div>\n            <div class=\"col-12 col-md-6 cbtq__quote-col\">\n                <div class=\"cbtq__quote-margin\" data-mh=\"cbtq__title\"><\/div>\n                <h5 class=\"h5 cbtq__quote\">\n                    <p>\u201cDie langfristige Zusammenarbeit mit unseren Mitarbeitern, Kunden und Lieferanten ist uns enorm wichtig. Wenn wir gemeinsam ein hochwertiges Produkt schaffen, schl\u00e4gt unser technisches Herz h\u00f6her.\u201c<\/p>\n<p><em>&#8211; Laurens Vogelaar, <i>Business Unit Manager<\/i><\/em><\/p>\n                <\/h5>\n            <\/div>\n        <\/div>\n    <\/div>\n<\/section>\n\n\n\n\n\n<section id=\"\" class=\"cb cb__newsitems cbni mb-xl pb-l\">\n    <div class=\"container\">\n        <div class=\"row\">\n            <div class=\"col-12\">\n                <h2 class=\"h2 cbni__title mb-s\">\n                    Das besch\u00e4ftigt uns gerade bei Promatrix: <br \/>\r\n                <\/h2>\n            <\/div>\n        <\/div>\n    <\/div>\n    <div class=\"container cbni__posts\">\n        <div class=\"row\">\n\n            \n                    \n<article class=\"col-12 col-md-6 col-lg-4\">\n    <a href=\"https:\/\/promatrix.nl\/de\/?p=2377\" class=\"card-news\">\n        <div class=\"card-news__image\" style=\"background-image: url(https:\/\/promatrix.nl\/wp-content\/uploads\/2022\/02\/Promatrix_Startbouw_nieuw_pandBodegraven-2.jpg);\"><\/div>\n        <div class=\"card-news__content\" data-mh=\"card-news__content\">\n            <div class=\"card-news__category\">\n                <span class='card-news__category-item'>Nachrichten<\/span>            <\/div>\n            <h4  class=\"card-news__title\">Die Bauarbeiten f\u00fcr das neue Geb\u00e4ude von Promatrix haben begonnen!<\/h4>\n            <div class=\"card-news__text\"><p>Endlich ist es soweit: Der Grundstein f\u00fcr den Bau des neuen Geb\u00e4udes von Promatrix und Prodevelop in Bodegraven ist gelegt.<\/p>\n<\/div>\n\t    <div class=\"card-news__read-more\">Weiterlesen<\/div>\n        <\/div>\n    <\/a>\n<\/article>\n\n                \n                    \n<article class=\"col-12 col-md-6 col-lg-4\">\n    <a href=\"https:\/\/promatrix.nl\/de\/promatrix-erhaelt-neues-iso-zertifikat\/\" class=\"card-news\">\n        <div class=\"card-news__image\" style=\"background-image: url(https:\/\/promatrix.nl\/wp-content\/uploads\/2021\/12\/Promatrix_certificering_ISO14001-960x540.jpg);\"><\/div>\n        <div class=\"card-news__content\" data-mh=\"card-news__content\">\n            <div class=\"card-news__category\">\n                <span class='card-news__category-item'>Nachrichten<\/span>            <\/div>\n            <h4  class=\"card-news__title\">Promatrix erh\u00e4lt neues ISO-Zertifikat<\/h4>\n            <div class=\"card-news__text\"><\/div>\n\t    <div class=\"card-news__read-more\">Weiterlesen<\/div>\n        <\/div>\n    <\/a>\n<\/article>\n\n                \n                    \n<article class=\"col-12 col-md-6 col-lg-4\">\n    <a href=\"https:\/\/promatrix.nl\/de\/vom-cad-modell-zum-endprodukt\/\" class=\"card-news\">\n        <div class=\"card-news__image\" style=\"background-image: url(https:\/\/promatrix.nl\/wp-content\/uploads\/2021\/07\/Promatrix_ArtikelOndernamen_Lente2020-960x540.jpg);\"><\/div>\n        <div class=\"card-news__content\" data-mh=\"card-news__content\">\n            <div class=\"card-news__category\">\n                <span class='card-news__category-item'>Nachrichten<\/span>            <\/div>\n            <h4  class=\"card-news__title\">Vom CAD-Modell zum Endprodukt<\/h4>\n            <div class=\"card-news__text\"><p>1995 war Promatrix eines der ersten Unternehmen in den Niederlanden, das Aluminiumformen herstellte. Heute, ganze 25\u00a0Jahre sp\u00e4ter, ist Promatrix immer noch in einer Nische t\u00e4tig, und zwar als Vorreiter. Produktionshalle und Spritzgussabteilung liegen in idyllischer Umgebung in den gr\u00fcnen Wiesen von Zegveld.<\/p>\n<\/div>\n\t    <div class=\"card-news__read-more\">Weiterlesen<\/div>\n        <\/div>\n    <\/a>\n<\/article>\n\n                \n        <\/div>\n\n                   <div class=\"cbtq__buttons pt-m flex flex-col justify-content-center items-center\">\n                                    <a class=\"btn btn--bg-blue\" href=\"https:\/\/promatrix.nl\/de\/nachrichten\/\">\n                        alle Artikel lesen                    <\/a>\n                            <\/div>\n            <\/div>\n\n<\/section>\n\n\n","protected":false},"excerpt":{"rendered":"","protected":false},"author":11,"featured_media":0,"parent":0,"menu_order":0,"comment_status":"closed","ping_status":"closed","template":"","meta":{"_acf_changed":false,"footnotes":""},"class_list":["post-1290","page","type-page","status-publish","hentry"],"acf":[],"yoast_head":"<!-- This site is optimized with the Yoast SEO plugin v27.2 - https:\/\/yoast.com\/product\/yoast-seo-wordpress\/ -->\n<title>Promatrix | Matrijzenmakerij &amp; Spuitgieterij onder 1 dak<\/title>\n<meta name=\"description\" content=\"Kunststof spuitgietproduct laten maken? Promatrix is d\u00e9 partner in kunststofproductie. Eerst maken we een aluminium matrijs en dan spuitgieten we in serie.\" \/>\n<meta name=\"robots\" content=\"index, follow, max-snippet:-1, max-image-preview:large, max-video-preview:-1\" \/>\n<link rel=\"canonical\" href=\"https:\/\/promatrix.nl\/de\/\" \/>\n<meta property=\"og:locale\" content=\"de_DE\" \/>\n<meta property=\"og:type\" content=\"article\" \/>\n<meta property=\"og:title\" content=\"Promatrix | Matrijzenmakerij &amp; Spuitgieterij onder 1 dak\" \/>\n<meta property=\"og:description\" content=\"Kunststof spuitgietproduct laten maken? Promatrix is d\u00e9 partner in kunststofproductie. Eerst maken we een aluminium matrijs en dan spuitgieten we in serie.\" \/>\n<meta property=\"og:url\" content=\"https:\/\/promatrix.nl\/de\/\" \/>\n<meta property=\"og:site_name\" content=\"Promatrix\" \/>\n<meta property=\"article:modified_time\" content=\"2024-02-29T15:10:24+00:00\" \/>\n<meta name=\"twitter:card\" content=\"summary_large_image\" \/>\n<script type=\"application\/ld+json\" class=\"yoast-schema-graph\">{\"@context\":\"https:\/\/schema.org\",\"@graph\":[{\"@type\":\"WebPage\",\"@id\":\"https:\/\/promatrix.nl\/de\/\",\"url\":\"https:\/\/promatrix.nl\/de\/\",\"name\":\"Promatrix | Matrijzenmakerij & Spuitgieterij onder 1 dak\",\"isPartOf\":{\"@id\":\"https:\/\/promatrix.nl\/de\/#website\"},\"datePublished\":\"2021-06-28T08:37:02+00:00\",\"dateModified\":\"2024-02-29T15:10:24+00:00\",\"description\":\"Kunststof spuitgietproduct laten maken? Promatrix is d\u00e9 partner in kunststofproductie. Eerst maken we een aluminium matrijs en dan spuitgieten we in serie.\",\"breadcrumb\":{\"@id\":\"https:\/\/promatrix.nl\/de\/#breadcrumb\"},\"inLanguage\":\"de\",\"potentialAction\":[{\"@type\":\"ReadAction\",\"target\":[\"https:\/\/promatrix.nl\/de\/\"]}]},{\"@type\":\"BreadcrumbList\",\"@id\":\"https:\/\/promatrix.nl\/de\/#breadcrumb\",\"itemListElement\":[{\"@type\":\"ListItem\",\"position\":1,\"name\":\"Home\",\"item\":\"https:\/\/promatrix.nl\/de\/\"},{\"@type\":\"ListItem\",\"position\":2,\"name\":\"Home\"}]},{\"@type\":\"WebSite\",\"@id\":\"https:\/\/promatrix.nl\/de\/#website\",\"url\":\"https:\/\/promatrix.nl\/de\/\",\"name\":\"Promatrix\",\"description\":\"technisch in Form\",\"potentialAction\":[{\"@type\":\"SearchAction\",\"target\":{\"@type\":\"EntryPoint\",\"urlTemplate\":\"https:\/\/promatrix.nl\/de\/?s={search_term_string}\"},\"query-input\":{\"@type\":\"PropertyValueSpecification\",\"valueRequired\":true,\"valueName\":\"search_term_string\"}}],\"inLanguage\":\"de\"}]}<\/script>\n<!-- \/ Yoast SEO plugin. -->","yoast_head_json":{"title":"Promatrix | Matrijzenmakerij & Spuitgieterij onder 1 dak","description":"Kunststof spuitgietproduct laten maken? Promatrix is d\u00e9 partner in kunststofproductie. Eerst maken we een aluminium matrijs en dan spuitgieten we in serie.","robots":{"index":"index","follow":"follow","max-snippet":"max-snippet:-1","max-image-preview":"max-image-preview:large","max-video-preview":"max-video-preview:-1"},"canonical":"https:\/\/promatrix.nl\/de\/","og_locale":"de_DE","og_type":"article","og_title":"Promatrix | Matrijzenmakerij & Spuitgieterij onder 1 dak","og_description":"Kunststof spuitgietproduct laten maken? Promatrix is d\u00e9 partner in kunststofproductie. Eerst maken we een aluminium matrijs en dan spuitgieten we in serie.","og_url":"https:\/\/promatrix.nl\/de\/","og_site_name":"Promatrix","article_modified_time":"2024-02-29T15:10:24+00:00","twitter_card":"summary_large_image","schema":{"@context":"https:\/\/schema.org","@graph":[{"@type":"WebPage","@id":"https:\/\/promatrix.nl\/de\/","url":"https:\/\/promatrix.nl\/de\/","name":"Promatrix | Matrijzenmakerij & Spuitgieterij onder 1 dak","isPartOf":{"@id":"https:\/\/promatrix.nl\/de\/#website"},"datePublished":"2021-06-28T08:37:02+00:00","dateModified":"2024-02-29T15:10:24+00:00","description":"Kunststof spuitgietproduct laten maken? Promatrix is d\u00e9 partner in kunststofproductie. Eerst maken we een aluminium matrijs en dan spuitgieten we in serie.","breadcrumb":{"@id":"https:\/\/promatrix.nl\/de\/#breadcrumb"},"inLanguage":"de","potentialAction":[{"@type":"ReadAction","target":["https:\/\/promatrix.nl\/de\/"]}]},{"@type":"BreadcrumbList","@id":"https:\/\/promatrix.nl\/de\/#breadcrumb","itemListElement":[{"@type":"ListItem","position":1,"name":"Home","item":"https:\/\/promatrix.nl\/de\/"},{"@type":"ListItem","position":2,"name":"Home"}]},{"@type":"WebSite","@id":"https:\/\/promatrix.nl\/de\/#website","url":"https:\/\/promatrix.nl\/de\/","name":"Promatrix","description":"technisch in Form","potentialAction":[{"@type":"SearchAction","target":{"@type":"EntryPoint","urlTemplate":"https:\/\/promatrix.nl\/de\/?s={search_term_string}"},"query-input":{"@type":"PropertyValueSpecification","valueRequired":true,"valueName":"search_term_string"}}],"inLanguage":"de"}]}},"_links":{"self":[{"href":"https:\/\/promatrix.nl\/de\/wp-json\/wp\/v2\/pages\/1290","targetHints":{"allow":["GET"]}}],"collection":[{"href":"https:\/\/promatrix.nl\/de\/wp-json\/wp\/v2\/pages"}],"about":[{"href":"https:\/\/promatrix.nl\/de\/wp-json\/wp\/v2\/types\/page"}],"author":[{"embeddable":true,"href":"https:\/\/promatrix.nl\/de\/wp-json\/wp\/v2\/users\/11"}],"replies":[{"embeddable":true,"href":"https:\/\/promatrix.nl\/de\/wp-json\/wp\/v2\/comments?post=1290"}],"version-history":[{"count":1,"href":"https:\/\/promatrix.nl\/de\/wp-json\/wp\/v2\/pages\/1290\/revisions"}],"predecessor-version":[{"id":3641,"href":"https:\/\/promatrix.nl\/de\/wp-json\/wp\/v2\/pages\/1290\/revisions\/3641"}],"wp:attachment":[{"href":"https:\/\/promatrix.nl\/de\/wp-json\/wp\/v2\/media?parent=1290"}],"curies":[{"name":"wp","href":"https:\/\/api.w.org\/{rel}","templated":true}]}}