{"id":1286,"date":"2021-09-13T07:07:36","date_gmt":"2021-09-13T07:07:36","guid":{"rendered":"https:\/\/promatrix.myobcommunicatie.nl\/haftungsausschluss\/"},"modified":"2023-07-21T17:26:14","modified_gmt":"2023-07-21T17:26:14","slug":"haftungsausschluss","status":"publish","type":"page","link":"https:\/\/promatrix.nl\/de\/haftungsausschluss\/","title":{"rendered":"Haftungsausschluss"},"content":{"rendered":"\n<section id=\"\" class=\"cb cb__text-2-columns cbt2c\">\n    <div class=\"container p-xl\">\n        <div class=\"row justify-content-between\">\n            <div class=\"col-12 col-md-6 cbt2c__content-col\">\n                <div class=\"cbt2c__content\">\n                    <h2 class=\"h2 cbt2c__title pb-m\" data-mh=\"cbt2c__title\">Haftungsausschluss<\/h2>\n                    <div class=\"cbt2c__text\"><p>Die Bestimmungen dieses Haftungsausschlusses gelten f\u00fcr die Website <a href=\"https:\/\/promatrix.nl\/de\/\">www.promatrix.nl<\/a>.<\/p>\n<p>Durch den Besuch dieser Website und\/oder die Nutzung der auf oder \u00fcber diese Website angebotenen Informationen erkl\u00e4ren Sie sich mit der G\u00fcltigkeit dieses Haftungsausschlusses einverstanden. Die Website www.promatrix.nl und die meisten Inhalte (Texte und Bilder) sind Eigentum von Promatrix. Es ist nicht gestattet, diese Seite ohne ausdr\u00fcckliche schriftliche Genehmigung von Promatrix (teilweise) zu kopieren, zu vervielf\u00e4ltigen oder in irgendeiner Weise zu verbreiten oder zu ver\u00f6ffentlichen.  <\/p>\n<p>Die Informationen auf dieser Website wurden mit Sorgfalt zusammengestellt. Es ist jedoch m\u00f6glich, dass diese Informationen unvollst\u00e4ndig sind und\/oder Fehler enthalten. Promatrix schlie\u00dft jegliche Haftung f\u00fcr direkte oder indirekte Sch\u00e4den jeglicher Art aus, die durch die Nutzung dieser Website entstehen.  <\/p>\n<p>S\u00e4mtliche auf dieser Website enthaltenen Informationen k\u00f6nnen jederzeit und ohne weitere Ank\u00fcndigung ge\u00e4ndert werden. Promatrix ist nicht verantwortlich f\u00fcr die Aussagen Dritter, die auf der Website angezeigt werden. Hyperlinks, die zu externen Websites au\u00dferhalb der Domain www.promatrix.nl f\u00fchren, sind kein Eigentum von Promatrix. Promatrix \u00fcbernimmt keine Haftung f\u00fcr den Inhalt von Websites, die nicht von Promatrix verwaltet werden.   <\/p>\n<p>\u00a0<\/p>\n<\/div>\n                                    <\/div>\n            <\/div>\n            <div class=\"col-12 col-md-6 cbt2c__content-col\">\n                <div class=\"cbt2c__content\">\n                    <h2 class=\"h2 cbt2c__title pb-m\" data-mh=\"cbt2c__title\"><\/h2>\n                    <div class=\"cbt2c__text\"><\/div>\n                                    <\/div>\n            <\/div>\n        <\/div>\n    <\/div>\n<\/section>\n\n","protected":false},"excerpt":{"rendered":"","protected":false},"author":11,"featured_media":0,"parent":0,"menu_order":0,"comment_status":"closed","ping_status":"closed","template":"","meta":{"_acf_changed":false,"footnotes":""},"class_list":["post-1286","page","type-page","status-publish","hentry"],"acf":[],"yoast_head":"<!-- This site is optimized with the Yoast SEO plugin v27.5 - https:\/\/yoast.com\/product\/yoast-seo-wordpress\/ -->\n<title>Haftungsausschluss - Promatrix<\/title>\n<meta name=\"robots\" content=\"index, follow, max-snippet:-1, max-image-preview:large, max-video-preview:-1\" \/>\n<link rel=\"canonical\" href=\"https:\/\/promatrix.nl\/de\/haftungsausschluss\/\" \/>\n<meta property=\"og:locale\" content=\"de_DE\" \/>\n<meta property=\"og:type\" content=\"article\" \/>\n<meta property=\"og:title\" content=\"Haftungsausschluss - Promatrix\" \/>\n<meta property=\"og:url\" content=\"https:\/\/promatrix.nl\/de\/haftungsausschluss\/\" \/>\n<meta property=\"og:site_name\" content=\"Promatrix\" \/>\n<meta property=\"article:modified_time\" content=\"2023-07-21T17:26:14+00:00\" \/>\n<meta name=\"twitter:card\" content=\"summary_large_image\" \/>\n<script type=\"application\/ld+json\" class=\"yoast-schema-graph\">{\"@context\":\"https:\\\/\\\/schema.org\",\"@graph\":[{\"@type\":\"WebPage\",\"@id\":\"https:\\\/\\\/promatrix.nl\\\/de\\\/haftungsausschluss\\\/\",\"url\":\"https:\\\/\\\/promatrix.nl\\\/de\\\/haftungsausschluss\\\/\",\"name\":\"Haftungsausschluss - Promatrix\",\"isPartOf\":{\"@id\":\"https:\\\/\\\/promatrix.nl\\\/de\\\/#website\"},\"datePublished\":\"2021-09-13T07:07:36+00:00\",\"dateModified\":\"2023-07-21T17:26:14+00:00\",\"breadcrumb\":{\"@id\":\"https:\\\/\\\/promatrix.nl\\\/de\\\/haftungsausschluss\\\/#breadcrumb\"},\"inLanguage\":\"de\",\"potentialAction\":[{\"@type\":\"ReadAction\",\"target\":[\"https:\\\/\\\/promatrix.nl\\\/de\\\/haftungsausschluss\\\/\"]}]},{\"@type\":\"BreadcrumbList\",\"@id\":\"https:\\\/\\\/promatrix.nl\\\/de\\\/haftungsausschluss\\\/#breadcrumb\",\"itemListElement\":[{\"@type\":\"ListItem\",\"position\":1,\"name\":\"Home\",\"item\":\"https:\\\/\\\/promatrix.nl\\\/de\\\/\"},{\"@type\":\"ListItem\",\"position\":2,\"name\":\"Haftungsausschluss\"}]},{\"@type\":\"WebSite\",\"@id\":\"https:\\\/\\\/promatrix.nl\\\/de\\\/#website\",\"url\":\"https:\\\/\\\/promatrix.nl\\\/de\\\/\",\"name\":\"Promatrix\",\"description\":\"technisch in Form\",\"potentialAction\":[{\"@type\":\"SearchAction\",\"target\":{\"@type\":\"EntryPoint\",\"urlTemplate\":\"https:\\\/\\\/promatrix.nl\\\/de\\\/?s={search_term_string}\"},\"query-input\":{\"@type\":\"PropertyValueSpecification\",\"valueRequired\":true,\"valueName\":\"search_term_string\"}}],\"inLanguage\":\"de\"}]}<\/script>\n<!-- \/ Yoast SEO plugin. -->","yoast_head_json":{"title":"Haftungsausschluss - Promatrix","robots":{"index":"index","follow":"follow","max-snippet":"max-snippet:-1","max-image-preview":"max-image-preview:large","max-video-preview":"max-video-preview:-1"},"canonical":"https:\/\/promatrix.nl\/de\/haftungsausschluss\/","og_locale":"de_DE","og_type":"article","og_title":"Haftungsausschluss - Promatrix","og_url":"https:\/\/promatrix.nl\/de\/haftungsausschluss\/","og_site_name":"Promatrix","article_modified_time":"2023-07-21T17:26:14+00:00","twitter_card":"summary_large_image","schema":{"@context":"https:\/\/schema.org","@graph":[{"@type":"WebPage","@id":"https:\/\/promatrix.nl\/de\/haftungsausschluss\/","url":"https:\/\/promatrix.nl\/de\/haftungsausschluss\/","name":"Haftungsausschluss - Promatrix","isPartOf":{"@id":"https:\/\/promatrix.nl\/de\/#website"},"datePublished":"2021-09-13T07:07:36+00:00","dateModified":"2023-07-21T17:26:14+00:00","breadcrumb":{"@id":"https:\/\/promatrix.nl\/de\/haftungsausschluss\/#breadcrumb"},"inLanguage":"de","potentialAction":[{"@type":"ReadAction","target":["https:\/\/promatrix.nl\/de\/haftungsausschluss\/"]}]},{"@type":"BreadcrumbList","@id":"https:\/\/promatrix.nl\/de\/haftungsausschluss\/#breadcrumb","itemListElement":[{"@type":"ListItem","position":1,"name":"Home","item":"https:\/\/promatrix.nl\/de\/"},{"@type":"ListItem","position":2,"name":"Haftungsausschluss"}]},{"@type":"WebSite","@id":"https:\/\/promatrix.nl\/de\/#website","url":"https:\/\/promatrix.nl\/de\/","name":"Promatrix","description":"technisch in Form","potentialAction":[{"@type":"SearchAction","target":{"@type":"EntryPoint","urlTemplate":"https:\/\/promatrix.nl\/de\/?s={search_term_string}"},"query-input":{"@type":"PropertyValueSpecification","valueRequired":true,"valueName":"search_term_string"}}],"inLanguage":"de"}]}},"_links":{"self":[{"href":"https:\/\/promatrix.nl\/de\/wp-json\/wp\/v2\/pages\/1286","targetHints":{"allow":["GET"]}}],"collection":[{"href":"https:\/\/promatrix.nl\/de\/wp-json\/wp\/v2\/pages"}],"about":[{"href":"https:\/\/promatrix.nl\/de\/wp-json\/wp\/v2\/types\/page"}],"author":[{"embeddable":true,"href":"https:\/\/promatrix.nl\/de\/wp-json\/wp\/v2\/users\/11"}],"replies":[{"embeddable":true,"href":"https:\/\/promatrix.nl\/de\/wp-json\/wp\/v2\/comments?post=1286"}],"version-history":[{"count":0,"href":"https:\/\/promatrix.nl\/de\/wp-json\/wp\/v2\/pages\/1286\/revisions"}],"wp:attachment":[{"href":"https:\/\/promatrix.nl\/de\/wp-json\/wp\/v2\/media?parent=1286"}],"curies":[{"name":"wp","href":"https:\/\/api.w.org\/{rel}","templated":true}]}}